{"id":2718,"date":"2025-02-19T12:02:39","date_gmt":"2025-02-19T11:02:39","guid":{"rendered":"https:\/\/montessori312.com\/?page_id=2718"},"modified":"2025-04-30T14:38:08","modified_gmt":"2025-04-30T13:38:08","slug":"calendrier-scolaire-2025-2026","status":"publish","type":"page","link":"https:\/\/montessori312.com\/en\/calendrier-scolaire-2025-2026\/","title":{"rendered":"School Calendar 2025-2026"},"content":{"rendered":"<p class=\"has-small-font-size\"><\/p>\n\n\n\n<div class=\"wp-block-buttons is-layout-flex wp-block-buttons-is-layout-flex\">\n<div class=\"wp-block-button has-custom-font-size is-style-outline has-small-font-size is-style-outline--1\"><a class=\"wp-block-button__link wp-element-button\">Version 5 d\u00e9cembre 2024 &#8211; sous r\u00e9serve de modifications mineures<\/a><\/div>\n<\/div>\n\n\n\n<figure class=\"wp-block-table is-style-stripes\"><table><tbody><tr><td>Journ\u00e9es d\u2019int\u00e9gration nouveaux \u00e9l\u00e8ves 3-6  :<\/td><td><strong>21-22 ao\u00fbt\u00a0202<\/strong>5 <strong>selon RV individuel<\/strong><\/td><\/tr><tr><td><p><strong><span style=\"text-decoration: underline;\">Rentr\u00e9e des classes 3-6 anciens \u00e9l\u00e8ves   :<\/span><\/strong><\/p><strong><span style=\"text-decoration: underline;\">Rentr\u00e9e des classes 3-6 nouveaux \u00e9l\u00e8ves :<\/span><\/strong><br><br><p><strong style=\"font-size: revert; font-family: inherit; background-color: transparent; color: initial;\"><span style=\"text-decoration-line: underline;\">Rentr\u00e9e des classes 6-12  tous les  \u00e9l\u00e8ves :<\/span><\/strong><\/p><\/td><td><strong><span style=\"text-decoration: underline;\">lund<\/span><\/strong><strong style=\"text-decoration-line: underline;\">i 25 ao\u00fbt 2025<\/strong><br><br><strong><span style=\"text-decoration: underline;\">mercredi 27 ou jeudi 28 ou vendredi 29 ao\u00fbt 2025 selon rendez-vous<\/span><\/strong><br><br><p><span style=\"font-family: inherit; font-size: inherit;\"> <\/span><strong><span style=\"text-decoration: underline;\">lundi 25 ao\u00fbt 2025 <\/span><\/strong><\/p><\/td><\/tr><tr><td>Je\u00fbne Genevois :<\/td><td><strong>jeudi 11 septembre 2025 f\u00e9ri\u00e9 <\/strong><br><strong><span style=\"font-family: inherit; font-size: inherit;\">vendredi 12 septembre 2025 cong\u00e9<\/span><\/strong><\/td><\/tr><tr><td>Vacances d\u2019automne :<\/td><td><strong>du<\/strong> <strong>lundi 20 octobre<\/strong> <strong>au vendredi 24 octobre 202<\/strong>5<\/td><\/tr><tr><td>Vacances de fin d\u2019ann\u00e9e :<\/td><td><strong>du lundi 22 d\u00e9cembre<\/strong> <strong>2025<\/strong> <strong>au vendredi 9 janvier 2026<\/strong><\/td><\/tr><tr><td>Vacances de f\u00e9vrier :<\/td><td><strong>du lundi 23 f\u00e9vrier au vendredi 27 f\u00e9vrier 2026<\/strong><\/td><\/tr><tr><td>Vacances de P\u00e2ques :<\/td><td><strong>vendredi 3 avril 2026 f\u00e9ri\u00e9 <\/strong><br><strong>du lundi 6 avril\u00a0au<\/strong> <strong>vendredi 17 avril 2026 <\/strong><\/td><\/tr><tr><td>Ascension :<\/td><td><strong>jeudi 14 mai 2026 f\u00e9ri\u00e9<\/strong><br><strong>vendredi 15 mai 2026 cong\u00e9<\/strong><\/td><\/tr><tr><td>Pentec\u00f4te :<\/td><td><p><strong>lundi 25 mai 2026 f\u00e9ri\u00e9<\/strong><\/p><\/td><\/tr><tr><td><strong><span style=\"text-decoration: underline;\">Dernier jour d\u2019\u00e9cole :<\/span><\/strong><\/td><td><strong><u>vendredi 26 juin 2026<\/u><\/strong><\/td><\/tr><tr><td>Vacances d\u2019\u00e9t\u00e9 :<\/td><td><strong>\u00e0 partir du lundi 29 juin 2026<\/strong><\/td><\/tr><\/tbody><\/table><\/figure>\n\n\n\n<p><strong><span style=\"text-decoration: underline;\">\u00c9cole d\u2019\u00e9t\u00e9 &#8211; sur inscription pr\u00e9alable&nbsp;:<\/span><\/strong><\/p>\n\n\n\n<figure class=\"wp-block-table is-style-stripes\"><table><tbody><tr><td class=\"has-text-align-left\" data-align=\"left\">Semaine 1<\/td><td>du lundi <strong>29 juin<\/strong> au\u00a0vendredi <strong>3 juillet 2026<\/strong><\/td><\/tr><tr><td class=\"has-text-align-left\" data-align=\"left\">Semaine 2<\/td><td>du \u00a0lundi<strong>  6<\/strong> <strong>juillet<\/strong> au vendredi <strong>10 juillet 2026<\/strong><\/td><\/tr><tr><td class=\"has-text-align-left\" data-align=\"left\">Semaine 3<\/td><td>du lundi <strong>13 juillet<\/strong> au vendredi <strong>17 juillet 2026<\/strong><\/td><\/tr><\/tbody><\/table><\/figure>\n\n\n\n<p><\/p>","protected":false},"excerpt":{"rendered":"<p>Journ\u00e9es d\u2019int\u00e9gration nouveaux \u00e9l\u00e8ves 3-6 : 21-22 ao\u00fbt\u00a02025 selon RV individuel Rentr\u00e9e des classes 3-6 anciens \u00e9l\u00e8ves : Rentr\u00e9e des classes 3-6 nouveaux \u00e9l\u00e8ves : Rentr\u00e9e des classes 6-12 tous les \u00e9l\u00e8ves : lundi 25 ao\u00fbt 2025 mercredi 27 ou jeudi 28 ou vendredi 29 ao\u00fbt 2025 selon rendez-vous lundi 25 ao\u00fbt 2025 Je\u00fbne Genevois&hellip; <br \/> <a class=\"read-more\" href=\"https:\/\/montessori312.com\/en\/calendrier-scolaire-2025-2026\/\">Read more<\/a><\/p>","protected":false},"author":116785652,"featured_media":0,"parent":0,"menu_order":0,"comment_status":"closed","ping_status":"closed","template":"","meta":{"advanced_seo_description":"","jetpack_seo_html_title":"","jetpack_seo_noindex":false,"footnotes":""},"class_list":["post-2718","page","type-page","status-publish","hentry"],"jetpack_likes_enabled":false,"jetpack_sharing_enabled":true,"jetpack_shortlink":"https:\/\/wp.me\/P8nFHg-HQ","amp_enabled":true,"_links":{"self":[{"href":"https:\/\/montessori312.com\/en\/wp-json\/wp\/v2\/pages\/2718","targetHints":{"allow":["GET"]}}],"collection":[{"href":"https:\/\/montessori312.com\/en\/wp-json\/wp\/v2\/pages"}],"about":[{"href":"https:\/\/montessori312.com\/en\/wp-json\/wp\/v2\/types\/page"}],"author":[{"embeddable":true,"href":"https:\/\/montessori312.com\/en\/wp-json\/wp\/v2\/users\/116785652"}],"replies":[{"embeddable":true,"href":"https:\/\/montessori312.com\/en\/wp-json\/wp\/v2\/comments?post=2718"}],"version-history":[{"count":1,"href":"https:\/\/montessori312.com\/en\/wp-json\/wp\/v2\/pages\/2718\/revisions"}],"predecessor-version":[{"id":2719,"href":"https:\/\/montessori312.com\/en\/wp-json\/wp\/v2\/pages\/2718\/revisions\/2719"}],"wp:attachment":[{"href":"https:\/\/montessori312.com\/en\/wp-json\/wp\/v2\/media?parent=2718"}],"curies":[{"name":"wp","href":"https:\/\/api.w.org\/{rel}","templated":true}]}}