{"id":3602,"date":"2025-12-15T16:09:42","date_gmt":"2025-12-15T15:09:42","guid":{"rendered":"https:\/\/montessori312.com\/?page_id=3602"},"modified":"2025-12-15T16:09:42","modified_gmt":"2025-12-15T15:09:42","slug":"calendrier-scolaire-2026-2027","status":"publish","type":"page","link":"https:\/\/montessori312.com\/en\/calendrier-scolaire-2026-2027\/","title":{"rendered":"School calendar 2026-2027"},"content":{"rendered":"<p class=\"has-small-font-size\"><\/p>\n\n\n\n<div class=\"wp-block-buttons is-layout-flex wp-block-buttons-is-layout-flex\">\n<div class=\"wp-block-button is-style-outline is-style-outline--1\"><a class=\"wp-block-button__link has-small-font-size has-custom-font-size wp-element-button\">Version 15 d\u00e9cembre 2025 &#8211; sous r\u00e9serve de modifications mineures<\/a><\/div>\n<\/div>\n\n\n\n<figure class=\"wp-block-table is-style-stripes\"><table><tbody><tr><td><\/td><td><\/td><\/tr><tr><td><p><strong><span style=\"text-decoration: underline;\">Rentr\u00e9e des classes 3-6 (anciens \u00e9l\u00e8ves) :<\/span><\/strong><\/p><span style=\"text-decoration: underline;\"><strong>Rentr\u00e9e des classes 3-6 (nouveaux \u00e9l\u00e8ves) :<\/strong><\/span><br><br><p><strong style=\"font-size: revert; font-family: inherit; background-color: transparent; color: initial;\"><span style=\"text-decoration-line: underline;\">Rentr\u00e9e des classes 6-12 tous les \u00e9l\u00e8ves :<\/span><\/strong><\/p><\/td><td><strong>Lundi 24 ao\u00fbt 2026<\/strong><br><br><strong><span style=\"text-decoration: underline;\">jeudi 20 ou vendredi 21 ao\u00fbt 2026,<\/span><\/strong><span style=\"text-decoration: underline;\"> selon rendez-vous<\/span><br><br><p><span style=\"font-family: inherit; font-size: inherit;\"><\/span><strong><span style=\"text-decoration: underline;\">lundi 24 ao\u00fbt 2026 <\/span><\/strong><\/p><\/td><\/tr><tr><td>Je\u00fbne Genevois :<\/td><td><strong>jeudi 10 septembre 2026 f\u00e9ri\u00e9 <\/strong><br><strong><span style=\"font-family: inherit; font-size: inherit;\">Cong\u00e9 le vendredi 11 septembre 2026<\/span><\/strong><\/td><\/tr><tr><td>Vacances d\u2019automne :<\/td><td><strong>du<\/strong> <strong>lundi 19 octobre<\/strong> <strong>au vendredi 23 octobre 2026 inclus<\/strong><\/td><\/tr><tr><td>Vacances de fin d\u2019ann\u00e9e :<\/td><td><strong>du lundi 21 d\u00e9cembre<\/strong> <strong>2026<\/strong> <strong>au vendredi 8 janvier 2027<\/strong> <strong>inclus<\/strong><\/td><\/tr><tr><td>Vacances de f\u00e9vrier :<\/td><td><strong>du lundi 15 f\u00e9vrier au vendredi 19 f\u00e9vrier 2027 inclus<\/strong><\/td><\/tr><tr><td>Vacances de P\u00e2ques :<\/td><td><strong>vendredi 26 mars 2027 f\u00e9ri\u00e9 <\/strong><br><strong>du lundi 29 mars&nbsp;inclus au<\/strong> <strong>vendredi 9 avril 2027 inclus<\/strong><\/td><\/tr><tr><td>Ascension :<\/td><td><strong>jeudi 6 mai 2027 f\u00e9ri\u00e9<\/strong><br><strong>vendredi 7 mai 2027 cong\u00e9<\/strong><\/td><\/tr><tr><td>Pentec\u00f4te :<\/td><td><p><strong>lundi 17 mai 2027 f\u00e9ri\u00e9<\/strong><\/p><\/td><\/tr><tr><td><strong><span style=\"text-decoration: underline;\">Dernier jour d\u2019\u00e9cole :<\/span><\/strong><\/td><td><strong><u>vendredi 25 juin 2027<\/u><\/strong><\/td><\/tr><tr><td>Vacances d\u2019\u00e9t\u00e9 :<\/td><td><strong>\u00e0 partir du lundi 28 juin 2027<\/strong><\/td><\/tr><\/tbody><\/table><\/figure>\n\n\n\n<p><strong><span style=\"text-decoration: underline;\">\u00c9cole d\u2019\u00e9t\u00e9 &#8211; <\/span><\/strong><span style=\"text-decoration: underline;\">sur inscription pr\u00e9alable et sous r\u00e9serve d&rsquo;un nombre de participants suffisant<\/span><strong><span style=\"text-decoration: underline;\">&nbsp;:<\/span><\/strong><\/p>\n\n\n\n<figure class=\"wp-block-table is-style-stripes\"><table><tbody><tr><td class=\"has-text-align-left\" data-align=\"left\">Semaine 1<\/td><td>du lundi <strong>28 juin<\/strong> au&nbsp;vendredi <strong>2 juillet 2027<\/strong><\/td><\/tr><tr><td class=\"has-text-align-left\" data-align=\"left\">Semaine 2<\/td><td>du &nbsp;lundi <strong>5<\/strong> juillet au vendredi <strong>9 juillet 2027<\/strong><\/td><\/tr><tr><td class=\"has-text-align-left\" data-align=\"left\">Semaine 3<\/td><td>du lundi <strong>12 <\/strong>juillet au vendredi <strong>16 juillet 2027<\/strong><br><br><\/td><\/tr><\/tbody><\/table><\/figure>\n\n\n\n<div data-wp-interactive=\"core\/file\" class=\"wp-block-file\"><object data-wp-bind--hidden=\"!state.hasPdfPreview\" hidden class=\"wp-block-file__embed\" data=\"https:\/\/montessori312.com\/wp-content\/uploads\/2025\/12\/M312-2026-2027_calendrier_scolaire_schema_1-12-2025.pdf\" type=\"application\/pdf\" style=\"width:100%;height:600px\" aria-label=\"Embed of M312-2026-2027_calendrier_scolaire_sch\u00e9ma_1-12-2025.\"><\/object><a id=\"wp-block-file--media-6f7089d7-eed5-4735-a587-68099c66f97d\" href=\"https:\/\/montessori312.com\/wp-content\/uploads\/2025\/12\/M312-2026-2027_calendrier_scolaire_schema_1-12-2025.pdf\">M312-2026-2027_calendrier_scolaire_sch\u00e9ma_1-12-2025<\/a><a href=\"https:\/\/montessori312.com\/wp-content\/uploads\/2025\/12\/M312-2026-2027_calendrier_scolaire_schema_1-12-2025.pdf\" class=\"wp-block-file__button wp-element-button\" download aria-describedby=\"wp-block-file--media-6f7089d7-eed5-4735-a587-68099c66f97d\">T\u00e9l\u00e9charger<\/a><\/div>","protected":false},"excerpt":{"rendered":"<p>Rentr\u00e9e des classes 3-6 (anciens \u00e9l\u00e8ves) : Rentr\u00e9e des classes 3-6 (nouveaux \u00e9l\u00e8ves) : Rentr\u00e9e des classes 6-12 tous les \u00e9l\u00e8ves : Lundi 24 ao\u00fbt 2026 jeudi 20 ou vendredi 21 ao\u00fbt 2026, selon rendez-vous lundi 24 ao\u00fbt 2026 Je\u00fbne Genevois : jeudi 10 septembre 2026 f\u00e9ri\u00e9 Cong\u00e9 le vendredi 11 septembre 2026 Vacances d\u2019automne&hellip; <br \/> <a class=\"read-more\" href=\"https:\/\/montessori312.com\/en\/calendrier-scolaire-2026-2027\/\">Read more<\/a><\/p>","protected":false},"author":116785652,"featured_media":0,"parent":0,"menu_order":0,"comment_status":"closed","ping_status":"closed","template":"","meta":{"advanced_seo_description":"","jetpack_seo_html_title":"","jetpack_seo_noindex":false,"footnotes":""},"class_list":["post-3602","page","type-page","status-publish","hentry"],"jetpack_likes_enabled":false,"jetpack_sharing_enabled":true,"jetpack_shortlink":"https:\/\/wp.me\/P8nFHg-W6","amp_enabled":true,"_links":{"self":[{"href":"https:\/\/montessori312.com\/en\/wp-json\/wp\/v2\/pages\/3602","targetHints":{"allow":["GET"]}}],"collection":[{"href":"https:\/\/montessori312.com\/en\/wp-json\/wp\/v2\/pages"}],"about":[{"href":"https:\/\/montessori312.com\/en\/wp-json\/wp\/v2\/types\/page"}],"author":[{"embeddable":true,"href":"https:\/\/montessori312.com\/en\/wp-json\/wp\/v2\/users\/116785652"}],"replies":[{"embeddable":true,"href":"https:\/\/montessori312.com\/en\/wp-json\/wp\/v2\/comments?post=3602"}],"version-history":[{"count":4,"href":"https:\/\/montessori312.com\/en\/wp-json\/wp\/v2\/pages\/3602\/revisions"}],"predecessor-version":[{"id":3607,"href":"https:\/\/montessori312.com\/en\/wp-json\/wp\/v2\/pages\/3602\/revisions\/3607"}],"wp:attachment":[{"href":"https:\/\/montessori312.com\/en\/wp-json\/wp\/v2\/media?parent=3602"}],"curies":[{"name":"wp","href":"https:\/\/api.w.org\/{rel}","templated":true}]}}