{"id":37,"date":"2017-02-26T12:42:18","date_gmt":"2017-02-26T11:42:18","guid":{"rendered":"https:\/\/montessori312.com\/?page_id=37"},"modified":"2019-11-20T10:38:43","modified_gmt":"2019-11-20T09:38:43","slug":"admissions","status":"publish","type":"page","link":"https:\/\/montessori312.com\/en\/admissions\/","title":{"rendered":"Admissions"},"content":{"rendered":"<h4 style=\"text-align: justify;\"><strong>Pourquoi choisir l\u2019\u00e9cole MONTESSORI 3 12\u00a0? <\/strong><\/h4>\n<ul style=\"text-align: justify;\">\n<li>Some <strong>enfants heureux<\/strong> \u00e0 l&rsquo;\u00e9cole qui progressent \u00e0 leur rythme et d\u00e9veloppent leur plein potentiel, n&rsquo;est-ce pas ce que tout parent recherche ?<\/li>\n<\/ul>\n<ul style=\"text-align: justify;\">\n<li><strong>Montessori \u00e0 100 %<\/strong>!<\/li>\n<\/ul>\n<p style=\"text-align: justify;\">Une <strong>\u00e9quipe \u00e9ducative<\/strong> dipl\u00f4m\u00e9e, exp\u00e9riment\u00e9e s\u2019est form\u00e9e sur les valeurs communes \u00a0li\u00e9es \u00e0 leur profond attachement \u00e0 la p\u00e9dagogie Montessori, le respect et l\u2019amour inconditionnel du jeune enfant. Nous tenons tous \u00e0 vivre et faire vivre les principes contemporains, d\u00e9velopp\u00e9s par la recherche en p\u00e9dagogie et qui\u00a0 sous-tendent l\u2019approche <strong>Montessori.\u00a0<\/strong><\/p>\n<p style=\"text-align: justify;\">Un programme \u00ab\u00a0<strong>All-day\u00a0\u00bb Montessori<\/strong>\u00a0con\u00e7u pour \u00eatre int\u00e9gr\u00e9 au programme de la journ\u00e9e avec des assistants dipl\u00f4m\u00e9s Montessori. Ce qui permet de maintenir la coh\u00e9rence de notre approche, d\u2019assouplir les rythmes et d\u2019appr\u00e9cier le vivre ensemble.<\/p>\n<p style=\"text-align: justify;\">La <strong>continuit\u00e9 p\u00e9dagogique<\/strong> Montessori de trois \u00e0 douze ans selon les principes de l&rsquo;AMI propos\u00e9e \u00e0 Gen\u00e8ve rive droite du lac.<\/p>\n<p style=\"text-align: justify;\">Des liens proactifs avec les autres \u00e9coles Montessori dans le monde, les Centres de Formation Montessori francophones et l\u2019AMI assurent une r\u00e9gulation des pratiques p\u00e9dagogiques utilis\u00e9es en classe et soutiennent notre recherche de l\u2019excellence.<\/p>\n<ul style=\"text-align: justify;\">\n<li><strong>Montessori pour le 21<sup>\u00e8me<\/sup> si\u00e8cle<\/strong>!<\/li>\n<\/ul>\n<p style=\"text-align: justify;\">Conscients des d\u00e9fis que les enfants auront \u00e0 faire face pour vivre heureux dans notre monde, nous sommes attentifs \u00e0 promouvoir toutes <strong>innovations p\u00e9dagogiques<\/strong> en facilitant l\u2019acc\u00e8s \u00e0 la formation continue,\u00a0 l\u2019intervention de sp\u00e9cialistes ext\u00e9rieurs,\u00a0 tout en maintenant fermement les principes fondamentaux scientifiquement \u00e9labor\u00e9s par Maria Montessori.<\/p>\n<ul style=\"text-align: justify;\">\n<li><strong>Bilinguisme simultan\u00e9<\/strong>: la m\u00e9thode la plus efficace pour les jeunes enfants\u00a0!<\/li>\n<\/ul>\n<p style=\"text-align: justify;\">Pas de cours d\u2019anglais de 45 mn en groupe comme beaucoup d\u2019\u00e9coles procurent \u00e0 titre d\u2019immersion\u00a0! D\u00e8s trois ans, l\u2019enfant va vivre dans un environnement o\u00f9 les <strong>deux langues sont utilis\u00e9es en permanence<\/strong>, il va apprendre en absorbant puis sera capable d\u2019activer et de suivre des pr\u00e9sentations-le\u00e7ons dans les deux langues. <strong>Initiation \u00e0 l\u2019allemand \u00e0 partir de 6 ans.<\/strong><\/p>\n<ul style=\"text-align: justify;\">\n<li>Un <strong>service sur mesure<\/strong> adapt\u00e9 aux besoins des familles travaillant<\/li>\n<\/ul>\n<p style=\"text-align: justify;\"><strong>Horaires \u00e9tendus<\/strong> (8h-18h\/5 jours par semaine) avec des activit\u00e9s parascolaires en continuit\u00e9 avec le programme Montessori. Une int\u00e9gration qui permet de respecter des besoins de l\u2019enfant en \u00e9vitant la sur-stimulation tout en assouplissant l\u2019emploi du temps \u2026 tout est pens\u00e9 pour que l\u2019enfant soit pris en charge de la meilleure mani\u00e8re sur <strong>l\u2019amplitude horaire des heures de bureaux<\/strong>. Les parents n\u2019ont plus \u00e0 courir en dehors des heures, pas de gardienne en suppl\u00e9ment\u00a0: l\u2019\u00e9cole est la deuxi\u00e8me maison\u00a0!<\/p>\n<ul style=\"text-align: justify;\">\n<li>Un accompagnement \u00e0 la <strong>parentalit\u00e9<\/strong><\/li>\n<\/ul>\n<p style=\"text-align: justify;\">Les <strong>parents<\/strong> sont inclus dans la d\u00e9marche p\u00e9dagogique d\u2019accompagnement de l\u2019enfant\u00a0: nous privil\u00e9gions des rapports de <strong>co-\u00e9ducation<\/strong> au travers d\u2019\u00e9changes r\u00e9guliers autour de l\u2019enfant\u00a0 comme des conf\u00e9rences, des ateliers de parents, des visites d\u2019observation, des rencontres organis\u00e9es et des\u00a0 \u00e9changes quotidiens. Les parents sont toujours les bienvenus. Au fil des ann\u00e9es, nous devenons de v\u00e9ritables partenaires au service du d\u00e9veloppement de l\u2019enfant.<\/p>\n<ul style=\"text-align: justify;\">\n<li>Une <strong>situation g\u00e9ographique<\/strong> exceptionnelle\u00a0!<\/li>\n<\/ul>\n<p style=\"text-align: justify;\">Situ\u00e9s dans un vaste espace vert de 1&rsquo;200 m2, bien desservi par les transports en commun, en plein centre du quartier international,\u00a0\u00a0 les locaux enti\u00e8rement\u00a0 r\u00e9nov\u00e9s et con\u00e7us pour la sp\u00e9cificit\u00e9 d\u2019une \u00e9cole Montessori\u00a0: <strong>l\u2019\u00e9cole s\u2019adapte \u00e0 l\u2019enfant\u00a0!<\/strong><\/p>\n<p><a href=\"https:\/\/montessori312.com\/en\/demande-dadmission-en-ligne\/\">Retrouvez la demande d&rsquo;admission en ligne<\/a><\/p>","protected":false},"excerpt":{"rendered":"<p>Pourquoi choisir l\u2019\u00e9cole MONTESSORI 3 12\u00a0? Des enfants heureux \u00e0 l&rsquo;\u00e9cole qui progressent \u00e0 leur rythme et d\u00e9veloppent leur plein potentiel, n&rsquo;est-ce pas ce que tout parent recherche ? Montessori \u00e0 100 %! Une \u00e9quipe \u00e9ducative dipl\u00f4m\u00e9e, exp\u00e9riment\u00e9e s\u2019est form\u00e9e sur les valeurs communes \u00a0li\u00e9es \u00e0 leur profond attachement \u00e0 la p\u00e9dagogie Montessori, le respect&hellip; <br \/> <a class=\"read-more\" href=\"https:\/\/montessori312.com\/en\/admissions\/\">Read more<\/a><\/p>","protected":false},"author":116785652,"featured_media":0,"parent":0,"menu_order":0,"comment_status":"closed","ping_status":"closed","template":"","meta":{"advanced_seo_description":"","jetpack_seo_html_title":"","jetpack_seo_noindex":false,"jetpack_post_was_ever_published":false,"footnotes":""},"class_list":["post-37","page","type-page","status-publish","hentry"],"jetpack_likes_enabled":true,"jetpack_sharing_enabled":false,"jetpack_shortlink":"https:\/\/wp.me\/P8nFHg-B","amp_enabled":true,"_links":{"self":[{"href":"https:\/\/montessori312.com\/en\/wp-json\/wp\/v2\/pages\/37","targetHints":{"allow":["GET"]}}],"collection":[{"href":"https:\/\/montessori312.com\/en\/wp-json\/wp\/v2\/pages"}],"about":[{"href":"https:\/\/montessori312.com\/en\/wp-json\/wp\/v2\/types\/page"}],"author":[{"embeddable":true,"href":"https:\/\/montessori312.com\/en\/wp-json\/wp\/v2\/users\/116785652"}],"replies":[{"embeddable":true,"href":"https:\/\/montessori312.com\/en\/wp-json\/wp\/v2\/comments?post=37"}],"version-history":[{"count":13,"href":"https:\/\/montessori312.com\/en\/wp-json\/wp\/v2\/pages\/37\/revisions"}],"predecessor-version":[{"id":1085,"href":"https:\/\/montessori312.com\/en\/wp-json\/wp\/v2\/pages\/37\/revisions\/1085"}],"wp:attachment":[{"href":"https:\/\/montessori312.com\/en\/wp-json\/wp\/v2\/media?parent=37"}],"curies":[{"name":"wp","href":"https:\/\/api.w.org\/{rel}","templated":true}]}}