{"id":3716,"date":"2026-02-02T15:56:09","date_gmt":"2026-02-02T14:56:09","guid":{"rendered":"https:\/\/montessori312.com\/?page_id=3716"},"modified":"2026-02-02T16:07:33","modified_gmt":"2026-02-02T15:07:33","slug":"offre-mi-temps","status":"publish","type":"page","link":"https:\/\/montessori312.com\/en\/offre-mi-temps\/","title":{"rendered":"Part-time offer"},"content":{"rendered":"<h3 class=\"wp-block-heading\"><strong>Part-time (8:00\u202fAM \u2013 1:30\u202fPM)<\/strong><\/h3>\n\n\n\n<p><strong>A gentle introduction to schooling, in the Montessori spirit<\/strong><\/p>\n\n\n\n<p>The part-time program at Montessori 3 12 Geneva is designed for children aged 3 to 4, for whom morning attendance provides a schedule that better respects their current needs. It allows for a gradual introduction to school life while fully benefiting from the Montessori environment and pedagogy.<\/p>\n\n\n\n<p><strong>A full educational framework, even on a part-time basis<\/strong><\/p>\n\n\n\n<p>Children enrolled in the part-time program are fully integrated into our bilingual French\u2013English Montessori 3\u20136 classes. They take part in the entire morning learning session, the heart of the Montessori approach :<\/p>\n\n\n\n<ul class=\"wp-block-list\">\n<li>Staggered arrival between 8:00 and 8:45 a.m.<\/li>\n\n\n\n<li>Long period of independent work in the classroom (practical life, language, mathematics, sensorial, and cultural activities)<\/li>\n\n\n\n<li>Group time (\u201cellipse\u201d) promoting language development, cohesion, and community life<\/li>\n\n\n\n<li>Outdoor play and recess<\/li>\n\n\n\n<li>Lunch at school in an educational and friendly setting<\/li>\n<\/ul>\n\n\n\n<p>The day ends at 1:30 p.m., after lunch.<\/p>\n\n\n\n<p><strong>Respecting the child\u2019s rhythm<\/strong><\/p>\n\n\n\n<p>This option particularly meets the needs of:<\/p>\n\n\n\n<ul class=\"wp-block-list\">\n<li>Younger children<\/li>\n\n\n\n<li>Children experiencing group life for the first time<\/li>\n\n\n\n<li>Families seeking a gradual transition to full-time schooling<\/li>\n<\/ul>\n\n\n\n<p>The part-time program allows the child to build their first school routines without excessive fatigue, while developing independence, concentration, and confidence.<\/p>\n\n\n\n<p><strong>A smooth transition to full-time schooling<\/strong><\/p>\n\n\n\n<p>The part-time program fits into an evolving vision of the school journey. In consultation with educators and the family, a transition to full-time attendance can be considered when the child is ready, in a way that respects their development and well-being<\/p>\n\n\n\n<p><strong>A solution designed with families in mind<\/strong><\/p>\n\n\n\n<p>This option also allows families to balance the Montessori educational approach with their family life, while providing the child with a structured, safe, and stimulating environment.<\/p>\n\n\n\n<p>For any questions or to check availability, we invite you to contact the school administration or to come and explore our environment during a visit.<\/p>\n\n\n\n<p><\/p>","protected":false},"excerpt":{"rendered":"<p>Offre mi-temps (8h\u201313h30) Une premi\u00e8re scolarisation en douceur, dans l\u2019esprit Montessori L\u2019offre mi-temps de l\u2019\u00c9cole Montessori 3 12 Gen\u00e8ve s\u2019adresse aux enfants de 3 \u00e0 4 ans, pour lesquels une pr\u00e9sence le matin constitue un rythme plus respectueux de leurs besoins actuels. Elle permet une entr\u00e9e progressive dans la vie scolaire, tout en b\u00e9n\u00e9ficiant pleinement&hellip; <br \/> <a class=\"read-more\" href=\"https:\/\/montessori312.com\/en\/offre-mi-temps\/\">Read more<\/a><\/p>","protected":false},"author":116785652,"featured_media":0,"parent":0,"menu_order":0,"comment_status":"closed","ping_status":"closed","template":"","meta":{"advanced_seo_description":"","jetpack_seo_html_title":"mi-temps, 3 ans","jetpack_seo_noindex":false,"footnotes":""},"class_list":["post-3716","page","type-page","status-publish","hentry"],"jetpack_likes_enabled":false,"jetpack_sharing_enabled":true,"jetpack_shortlink":"https:\/\/wp.me\/P8nFHg-XW","amp_enabled":true,"_links":{"self":[{"href":"https:\/\/montessori312.com\/en\/wp-json\/wp\/v2\/pages\/3716","targetHints":{"allow":["GET"]}}],"collection":[{"href":"https:\/\/montessori312.com\/en\/wp-json\/wp\/v2\/pages"}],"about":[{"href":"https:\/\/montessori312.com\/en\/wp-json\/wp\/v2\/types\/page"}],"author":[{"embeddable":true,"href":"https:\/\/montessori312.com\/en\/wp-json\/wp\/v2\/users\/116785652"}],"replies":[{"embeddable":true,"href":"https:\/\/montessori312.com\/en\/wp-json\/wp\/v2\/comments?post=3716"}],"version-history":[{"count":6,"href":"https:\/\/montessori312.com\/en\/wp-json\/wp\/v2\/pages\/3716\/revisions"}],"predecessor-version":[{"id":3728,"href":"https:\/\/montessori312.com\/en\/wp-json\/wp\/v2\/pages\/3716\/revisions\/3728"}],"wp:attachment":[{"href":"https:\/\/montessori312.com\/en\/wp-json\/wp\/v2\/media?parent=3716"}],"curies":[{"name":"wp","href":"https:\/\/api.w.org\/{rel}","templated":true}]}}