{"id":66,"date":"2017-03-01T10:01:52","date_gmt":"2017-03-01T09:01:52","guid":{"rendered":"https:\/\/montessori312.com\/?page_id=66"},"modified":"2020-12-30T20:12:31","modified_gmt":"2020-12-30T19:12:31","slug":"nos-locaux","status":"publish","type":"page","link":"https:\/\/montessori312.com\/en\/nos-locaux\/","title":{"rendered":"Nos Locaux"},"content":{"rendered":"<p>L&rsquo;\u00e9cole MONTESSORI 3 12 est situ\u00e9e dans la ville de Gen\u00e8ve au c\u0153ur du quartier international. \u00a0Tr\u00e8s bien desservie, bus, trams, trains et parkings sont \u00e0 proximit\u00e9 pour faciliter l&rsquo;acc\u00e8s aux parents. Un parc \u00e0 v\u00e9los s\u00e9curis\u00e9 est r\u00e9serv\u00e9 \u00e0 nos \u00e9l\u00e8ves pour encourager la mobilit\u00e9 douce.<\/p>\n<p>Le b\u00e2timent nouvellement r\u00e9nov\u00e9 est une annexe du NBC &#8211; Nations Business Center <a href=\"https:\/\/www.nbc-gva.ch\/fr\">https:\/\/www.nbc-gva.ch\/fr<\/a> . \u00c0 ce titre, l\u2019\u00e9cole b\u00e9n\u00e9ficie des prestations du restaurant d\u2019entreprises et des services de haute qualit\u00e9 du facility manager.<\/p>\n<p>Depuis janvier 2021, l\u2019entr\u00e9e de l\u2019\u00e9cole est double\u00a0:<\/p>\n<ul>\n<li>les <strong>enfants de 3 \u00e0 6 ans<\/strong> acc\u00e8dent \u00e0 leurs classes depuis le <strong>chemin des Colombettes<\/strong>, \u00e0 l&rsquo;angle de la rue du-pr\u00e9-de-la-Bichette c\u00f4t\u00e9 Gen\u00eats. Le plateau r\u00e9serv\u00e9 aux enfants de cet \u00e2ge se situe <strong>en rez-de-chauss\u00e9e<\/strong> donnant dans <strong>un parc \u00a0arbor\u00e9 de 1&rsquo;200 m2<\/strong> dont l&rsquo;acc\u00e8s nous est exclusivement destin\u00e9. <strong>Trois classes de 100 m2<\/strong>ont \u00e9t\u00e9 con\u00e7ues pour r\u00e9pondre parfaitement aux besoins des enfants selon le concept montessorien \u00ab\u00a0d&rsquo;environnement pr\u00e9par\u00e9\u00a0\u00bb. Fonctionnelles, lumineuses, ouvertes sur l&rsquo;ext\u00e9rieur, les salles de classe enti\u00e8rement r\u00e9nov\u00e9es re\u00e7oivent les enfants de trois \u00e0 six ans depuis la rentr\u00e9e 2017.<\/li>\n<li>Les <strong>enfants de 6 \u00e0 12 ans<\/strong> acc\u00e8dent \u00e0 leurs classes depuis <strong>la rue Motta, <\/strong>\u00e0 l\u2019angle de la rue du Pr\u00e9-de-la-Bichette c\u00f4t\u00e9 Vermont. Depuis la rentr\u00e9e 2020-21, ce nouveau plateau cr\u00e9\u00e9 <strong>en rez-de-terrasse<\/strong> est destin\u00e9 \u00e0 l\u2019accueil de nos \u00e9l\u00e8ves poursuivant la scolarit\u00e9 dans les classes Montessori 6-12. <strong>Trois classes de 100 m2<\/strong>, des salles de r\u00e9unions, une salle d\u2019art, de musique et de parascolaire viennent compl\u00e9ter notre offre et r\u00e9pondent aux sp\u00e9cificit\u00e9s de la p\u00e9dagogie Montessori apr\u00e8s six ans.<\/li>\n<\/ul>\n<p>\u00c0 quelques minutes de marche des parcs Vermont, Trembley, Beaulieu, Cropettes et du Jardin botanique, cette situation est exceptionnelle pour des promenades en ext\u00e9rieur. La Piscine de Varemb\u00e9 se trouve \u00e0 environ 300 m\u00e8tres.<\/p>\n<p>_____________<\/p>\n<p>\u00a0<\/p>\n<p>The MONTESSORI 3 12 school is located in the city of Geneva in the heart of the international district.\u00a0 Very good transport links, buses, trams, trains and car parks are nearby to facilitate access for parents. A secure bicycle park is reserved for our students to encourage soft mobility.<\/p>\n<p>The newly renovated building is an annex of the NBC &#8211; Nations Business Center <a href=\"https:\/\/www.nbc-gva.ch\/fr\" rel=\"nofollow\">https:\/\/www.nbc-gva.ch\/fr<\/a> . As such, the school benefits from the services of the business restaurant and the high quality services of the facility manager.<\/p>\n<p>Since January 2021, the entrance to the school has been divided into two parts:<\/p>\n<ul>\n<li><strong>children aged 3 to 6 <\/strong>can access their classes from <strong>Chemin des Colombettes<\/strong>, at the corner of Rue du-pr\u00e9-de-la-Bichette on the Gen\u00eats side. The plateau reserved for children of this age is located on the ground floor overlooking a <strong>1,200 m2 park planted with trees<\/strong>, to which we have exclusive access. <strong>Three 100 m2 classrooms<\/strong> have been designed to perfectly meet the needs of children according to the Montessori concept of \u00ab\u00a0prepared environment\u00a0\u00bb. Functional, bright and open to the outside, the completely renovated classrooms have been welcoming children from three to six years old since the start of the 2017 school year.<\/li>\n<li><strong>Children from 6 to 12 years old<\/strong> access their classes from <strong>rue Motta<\/strong>, at the corner of Rue du Pr\u00e9-de-la-Bichette on the Vermont side. Since the start of the school year 2020-21, this new terrace level is intended to welcome our students continuing their schooling in Montessori classes 6-12. <strong>Three 100 m2 classrooms<\/strong>, meeting rooms, an art, music and after-school rooms complete our offer and respond to the specificities of Montessori pedagogy after six years old.<\/li>\n<\/ul>\n<p>Just a few minutes walk from Vermont, Trembley, Beaulieu, Cropettes and the Botanical Garden, this location is exceptional for outdoor walks. The Varemb\u00e9 swimming pool is about 300 metres away.<\/p>\n<p>\u00a0<\/p>\n\n\n<div class=\"wp-block-jetpack-slideshow aligncenter\" data-autoplay=\"true\" data-delay=\"4\" data-effect=\"fade\"><div class=\"wp-block-jetpack-slideshow_container swiper-container\"><ul class=\"wp-block-jetpack-slideshow_swiper-wrapper swiper-wrapper\"><li class=\"wp-block-jetpack-slideshow_slide swiper-slide\"><figure><img data-recalc-dims=\"1\" fetchpriority=\"high\" decoding=\"async\" width=\"3543\" height=\"2362\" alt=\"\" class=\"wp-block-jetpack-slideshow_image wp-image-417\" data-id=\"417\" src=\"https:\/\/i0.wp.com\/montessori312.com\/wp-content\/uploads\/2018\/01\/ecolemontessori_0917_sergebacchetta_07.jpg?resize=3543%2C2362&#038;ssl=1\"\/><\/figure><\/li><li class=\"wp-block-jetpack-slideshow_slide swiper-slide\"><figure><img data-recalc-dims=\"1\" decoding=\"async\" width=\"3543\" height=\"2362\" alt=\"\" class=\"wp-block-jetpack-slideshow_image wp-image-422\" data-id=\"422\" src=\"https:\/\/i0.wp.com\/montessori312.com\/wp-content\/uploads\/2018\/01\/ecolemontessori_0917_sergebacchetta_051.jpg?resize=3543%2C2362&#038;ssl=1\"\/><\/figure><\/li><li class=\"wp-block-jetpack-slideshow_slide swiper-slide\"><figure><img data-recalc-dims=\"1\" decoding=\"async\" width=\"3543\" height=\"2362\" alt=\"\" class=\"wp-block-jetpack-slideshow_image wp-image-424\" data-id=\"424\" src=\"https:\/\/i0.wp.com\/montessori312.com\/wp-content\/uploads\/2018\/01\/ecolemontessori_1109_sergebacchetta_02.jpg?resize=3543%2C2362&#038;ssl=1\"\/><\/figure><\/li><li class=\"wp-block-jetpack-slideshow_slide swiper-slide\"><figure><img data-recalc-dims=\"1\" loading=\"lazy\" decoding=\"async\" width=\"3543\" height=\"2362\" alt=\"\" class=\"wp-block-jetpack-slideshow_image wp-image-426\" data-id=\"426\" src=\"https:\/\/i0.wp.com\/montessori312.com\/wp-content\/uploads\/2018\/01\/ecolemontessori_1109_sergebacchetta_04.jpg?resize=3543%2C2362&#038;ssl=1\"\/><\/figure><\/li><li class=\"wp-block-jetpack-slideshow_slide swiper-slide\"><figure><img data-recalc-dims=\"1\" loading=\"lazy\" decoding=\"async\" width=\"3543\" height=\"2362\" alt=\"\" class=\"wp-block-jetpack-slideshow_image wp-image-421\" data-id=\"421\" src=\"https:\/\/i0.wp.com\/montessori312.com\/wp-content\/uploads\/2018\/01\/ecolemontessori_0917_sergebacchetta_06.jpg?resize=3543%2C2362&#038;ssl=1\"\/><\/figure><\/li><li class=\"wp-block-jetpack-slideshow_slide swiper-slide\"><figure><img data-recalc-dims=\"1\" loading=\"lazy\" decoding=\"async\" width=\"3543\" height=\"2362\" alt=\"\" class=\"wp-block-jetpack-slideshow_image wp-image-427\" data-id=\"427\" src=\"https:\/\/i0.wp.com\/montessori312.com\/wp-content\/uploads\/2018\/01\/ecolemontessori_1109_sergebacchetta_01.jpg?resize=3543%2C2362&#038;ssl=1\"\/><\/figure><\/li><\/ul><a class=\"wp-block-jetpack-slideshow_button-prev swiper-button-prev swiper-button-white\" role=\"button\"><\/a><a class=\"wp-block-jetpack-slideshow_button-next swiper-button-next swiper-button-white\" role=\"button\"><\/a><a aria-label=\"Pause Slideshow\" class=\"wp-block-jetpack-slideshow_button-pause\" role=\"button\"><\/a><div class=\"wp-block-jetpack-slideshow_pagination swiper-pagination swiper-pagination-white\"><\/div><\/div><\/div>","protected":false},"excerpt":{"rendered":"<p>L&rsquo;\u00e9cole MONTESSORI 3 12 est situ\u00e9e dans la ville de Gen\u00e8ve au c\u0153ur du quartier international. \u00a0Tr\u00e8s bien desservie, bus, trams, trains et parkings sont \u00e0 proximit\u00e9 pour faciliter l&rsquo;acc\u00e8s aux parents. Un parc \u00e0 v\u00e9los s\u00e9curis\u00e9 est r\u00e9serv\u00e9 \u00e0 nos \u00e9l\u00e8ves pour encourager la mobilit\u00e9 douce. Le b\u00e2timent nouvellement r\u00e9nov\u00e9 est une annexe du&hellip; <br \/> <a class=\"read-more\" href=\"https:\/\/montessori312.com\/en\/nos-locaux\/\">Read more<\/a><\/p>","protected":false},"author":116785652,"featured_media":0,"parent":0,"menu_order":0,"comment_status":"closed","ping_status":"closed","template":"","meta":{"advanced_seo_description":"","jetpack_seo_html_title":"","jetpack_seo_noindex":false,"footnotes":""},"class_list":["post-66","page","type-page","status-publish","hentry"],"jetpack_likes_enabled":false,"jetpack_sharing_enabled":true,"jetpack_shortlink":"https:\/\/wp.me\/P8nFHg-14","amp_enabled":true,"_links":{"self":[{"href":"https:\/\/montessori312.com\/en\/wp-json\/wp\/v2\/pages\/66","targetHints":{"allow":["GET"]}}],"collection":[{"href":"https:\/\/montessori312.com\/en\/wp-json\/wp\/v2\/pages"}],"about":[{"href":"https:\/\/montessori312.com\/en\/wp-json\/wp\/v2\/types\/page"}],"author":[{"embeddable":true,"href":"https:\/\/montessori312.com\/en\/wp-json\/wp\/v2\/users\/116785652"}],"replies":[{"embeddable":true,"href":"https:\/\/montessori312.com\/en\/wp-json\/wp\/v2\/comments?post=66"}],"version-history":[{"count":10,"href":"https:\/\/montessori312.com\/en\/wp-json\/wp\/v2\/pages\/66\/revisions"}],"predecessor-version":[{"id":1316,"href":"https:\/\/montessori312.com\/en\/wp-json\/wp\/v2\/pages\/66\/revisions\/1316"}],"wp:attachment":[{"href":"https:\/\/montessori312.com\/en\/wp-json\/wp\/v2\/media?parent=66"}],"curies":[{"name":"wp","href":"https:\/\/api.w.org\/{rel}","templated":true}]}}