{"id":90,"date":"2017-03-01T10:13:04","date_gmt":"2017-03-01T09:13:04","guid":{"rendered":"https:\/\/montessori312.com\/?page_id=90"},"modified":"2025-12-15T16:24:20","modified_gmt":"2025-12-15T15:24:20","slug":"conditions-dadmission","status":"publish","type":"page","link":"https:\/\/montessori312.com\/en\/conditions-dadmission\/","title":{"rendered":"Admission Conditions"},"content":{"rendered":"<p style=\"text-align: right;\"><span style=\"color: #0000ff;\">English below<\/span><\/p>\n<h1 style=\"text-align: center;\">Ann\u00e9e scolaire 2026-2027<\/h1>\n<h2>Classes 3-6 ans<\/h2>\n<p>L\u2019\u00e2ge d\u2019admission des enfants pour les \u00e9coles priv\u00e9es est fix\u00e9 par le r\u00e8glement relatif \u00e0 l&rsquo;enseignement priv\u00e9 ( <a href=\"https:\/\/silgeneve.ch\/legis\/data\/RSG\/rsg_c1_10p83.htm\">rsGE C 1 10.83: R\u00e8glement relatif \u00e0 l&rsquo;enseignement priv\u00e9 (REPriv) &#8211; SILGENEVE<\/a>). La r\u00e9vision, entr\u00e9e en vigueur le 17 mai 2023, confirme dans l&rsquo;art.8 alin\u00e9a 4 : \u00a0\u00bb Les \u00e9coles priv\u00e9es qui d\u00e9livrent des prestations d&rsquo;enseignement relevant du degr\u00e9 primaire et \u00e9quivalent au cycle \u00e9l\u00e9mentaire peuvent accueillir <strong>des enfants d\u00e8s l&rsquo;\u00e2ge de 3 ans r\u00e9volus au 31 d\u00e9cembre de l&rsquo;ann\u00e9e scolaire en cours.<\/strong>\u00a0\u00bb<\/p>\n<p><strong>Les enfants de 3 ans seront admis \u00e0 la rentr\u00e9e 2026-2027 s\u2019ils sont n\u00e9s avant le 31 d\u00e9cembre 2023. <\/strong><br \/>\n<a href=\"https:\/\/www.ge.ch\/document\/2281\/annexe\/file\/517131\">(voir tableau de la correspondance des \u00e2ges)<\/a><\/p>\n<p>Un protocole individualis\u00e9 sera mis en place pour que le jeune enfant et ses parents vivent de la meilleure fa\u00e7on possible l\u2019entr\u00e9e \u00e0 l\u2019\u00e9cole, de fa\u00e7on progressive et\u00a0 adapt\u00e9e \u00e0 leur rythme. Une condition pour \u00eatre admis en classe 3-6, <strong>l\u2019enfant ne doit plus porter de couches durant la journ\u00e9e.<\/strong><\/p>\n<p style=\"text-align: justify;\">L\u2019\u00e2ge limite d\u2019inscription est six ans. Ainsi, l\u2019enfant de six ans, selon son degr\u00e9 de maturit\u00e9, peut rejoindre la classe 6-9 ans ou rester dans l\u2019ambiance 3-6 ans. Une d\u00e9cision sera prise avec les parents apr\u00e8s un temps pass\u00e9 dans les classes et une concertation\u00a0 coll\u00e9giale du corps enseignant.<\/p>\n<h2 style=\"text-align: justify;\">Classes 6-9 ans et 9-12 ans<\/h2>\n<p style=\"text-align: justify;\">Si votre enfant est <strong>n\u00e9 apr\u00e8s le 1<sup>er<\/sup> aout 2019<\/strong>, il sera accueilli dans la classe 6-9 ans \u00e0 la rentr\u00e9e 2024. \u00a0La date de naissance limite pour l\u2019inscription est le <strong>31 juillet 2014<\/strong>\u00a0puisque l\u2019enfant doit \u00eatre inscrit au Cycle d\u2019Orientation en secondaire.<\/p>\n<p style=\"text-align: justify;\">Les enfants ayant \u00e9t\u00e9 scolaris\u00e9s dans une classe Montessori 3-6 sont prioritaires. Les autres enfants sont les bienvenus apr\u00e8s un processus d\u2019admission d\u00e9taill\u00e9 dans le document \u00ab\u00a0proc\u00e9dure d\u2019admission\u00a0\u00bb.<\/p>\n<h2 style=\"text-align: justify;\">Inscription en cours d\u2019ann\u00e9e scolaire<\/h2>\n<p style=\"text-align: justify;\">Les inscriptions peuvent se faire, dans la mesure de places disponibles, en cours d\u2019ann\u00e9e scolaire.<\/p>\n<h2 style=\"text-align: justify;\">Admission Procedure<\/h2>\n<p style=\"text-align: justify;\">Pour les d\u00e9tails, veuillez vous reporter \u00e0 l\u2019onglet \u00ab <a href=\"https:\/\/montessori312.com\/en\/procedure-dadmission\/\"><strong><em>proc\u00e9dure d\u2019admission<\/em><\/strong><\/a>\u00a0\u00bb.<\/p>\n<p style=\"text-align: justify;\">En r\u00e9sum\u00e9, apr\u00e8s avoir pris connaissance des informations fournies sur le site de l\u2019\u00e9cole, il vous suffit de remplir en ligne le formulaire de demande d\u2019admission et de nous le retourner. Nous prendrons rapidement contact avec vous.<\/p>\n<hr \/>\n<h1 style=\"text-align: center;\"><strong><span style=\"color: #008080;\">Admission requirements &#8211; school year 2026-2027<\/span><\/strong><\/h1>\n<h3>Classes 3-6 years<\/h3>\n<p>The age of admission of the children for private schools is fixed by the regulation relating to private education (rsGE C 1 10.83: Regulation relating to private education (REPriv) &#8211; SILGENEVE). The revision, which came into force on May 17, 2023, confirms in art. 8 paragraph 4: \u00ab\u00a0Private schools that provide education at the primary level and equivalent to the elementary level <strong>may admit children from the age of 3 on December 31 of the current school year.<\/strong><\/p>\n<p><strong>Three-year-olds will be admitted at the beginning of the 2026-2027 school year if they were born before December 31, 2023.<\/strong><\/p>\n<p>An individualised protocol will be put in place so that the young child and his \/ her parents experience the best start at the school, this will be gradual and adapted to their rhythm. One condition to be admitted: the child must not wear nappies during the day.<br \/>\nThe age limit for enrolment is six years. Thus, the six-year-old child, depending on his degree of maturity, can join the 6-9-year-old class or stay in the 3-6-year-old environment. A decision will be taken with the parents after a time spent in the classes and a collegiate consultation of the teaching staff.<\/p>\n<h3>Classes 6-9 and 9-12 years<\/h3>\n<p>If your child is <strong>born after August 1, 2019<\/strong>, he \/ she will be welcomed in the 6-9 year class in 2022. The date of birth is limited to<strong> July 31, 2014<\/strong>\u00a0since the child must be enrolled in secondary education.<br \/>\nChildren who have attended a Montessori 3-6 class have priority.<br \/>\nThe other children will be welcomed after a detailed admission process in the document \u00ab\u00a0admission procedure\u00a0\u00bb.<\/p>\n<h3>Enrolment during the school year<\/h3>\n<p>Entries can be made, depending on place availability, during the school year regardless of the age of the child.<\/p>\n<h3>Admission procedure<\/h3>\n<p>For details, please refer to the <strong>\u00ab\u00a0<a href=\"https:\/\/montessori312.com\/en\/procedure-dadmission\/\">Admission Procedure<\/a>\u00ab\u00a0<\/strong> tab.<br \/>\nAfter reading the information provided on the school website, simply complete the online application form and return it to us. We will contact you shortly for a preliminary meeting.<\/p>","protected":false},"excerpt":{"rendered":"<p>English below Ann\u00e9e scolaire 2026-2027 Classes 3-6 ans L\u2019\u00e2ge d\u2019admission des enfants pour les \u00e9coles priv\u00e9es est fix\u00e9 par le r\u00e8glement relatif \u00e0 l&rsquo;enseignement priv\u00e9 ( rsGE C 1 10.83: R\u00e8glement relatif \u00e0 l&rsquo;enseignement priv\u00e9 (REPriv) &#8211; SILGENEVE). La r\u00e9vision, entr\u00e9e en vigueur le 17 mai 2023, confirme dans l&rsquo;art.8 alin\u00e9a 4 : \u00a0\u00bb Les&hellip; <br \/> <a class=\"read-more\" href=\"https:\/\/montessori312.com\/en\/conditions-dadmission\/\">Read more<\/a><\/p>","protected":false},"author":116785652,"featured_media":0,"parent":0,"menu_order":0,"comment_status":"closed","ping_status":"closed","template":"","meta":{"advanced_seo_description":"","jetpack_seo_html_title":"","jetpack_seo_noindex":false,"footnotes":""},"class_list":["post-90","page","type-page","status-publish","hentry"],"jetpack_likes_enabled":true,"jetpack_sharing_enabled":false,"jetpack_shortlink":"https:\/\/wp.me\/P8nFHg-1s","amp_enabled":true,"_links":{"self":[{"href":"https:\/\/montessori312.com\/en\/wp-json\/wp\/v2\/pages\/90","targetHints":{"allow":["GET"]}}],"collection":[{"href":"https:\/\/montessori312.com\/en\/wp-json\/wp\/v2\/pages"}],"about":[{"href":"https:\/\/montessori312.com\/en\/wp-json\/wp\/v2\/types\/page"}],"author":[{"embeddable":true,"href":"https:\/\/montessori312.com\/en\/wp-json\/wp\/v2\/users\/116785652"}],"replies":[{"embeddable":true,"href":"https:\/\/montessori312.com\/en\/wp-json\/wp\/v2\/comments?post=90"}],"version-history":[{"count":27,"href":"https:\/\/montessori312.com\/en\/wp-json\/wp\/v2\/pages\/90\/revisions"}],"predecessor-version":[{"id":3612,"href":"https:\/\/montessori312.com\/en\/wp-json\/wp\/v2\/pages\/90\/revisions\/3612"}],"wp:attachment":[{"href":"https:\/\/montessori312.com\/en\/wp-json\/wp\/v2\/media?parent=90"}],"curies":[{"name":"wp","href":"https:\/\/api.w.org\/{rel}","templated":true}]}}