{"id":92,"date":"2017-03-01T10:13:26","date_gmt":"2017-03-01T09:13:26","guid":{"rendered":"https:\/\/montessori312.com\/?page_id=92"},"modified":"2025-12-16T17:08:20","modified_gmt":"2025-12-16T16:08:20","slug":"procedure-dadmission","status":"publish","type":"page","link":"https:\/\/montessori312.com\/en\/procedure-dadmission\/","title":{"rendered":"Admission Procedure"},"content":{"rendered":"<p class=\"has-text-align-right\"><span style=\"color: #0000ff;\">English below<\/span><\/p>\n\n\n\n<h3 class=\"wp-block-heading\">Pour la rentr\u00e9e 2026-2027<\/h3>\n\n\n\n<p><\/p>\n\n\n\n<h4 class=\"wp-block-heading\"><strong><mark style=\"background-color:rgba(0, 0, 0, 0)\" class=\"has-inline-color has-luminous-vivid-orange-color\">Cadre institutionnel<\/mark><\/strong><\/h4>\n\n\n\n<p>L\u2019\u00c9cole Montessori 3 12 Gen\u00e8ve est autoris\u00e9e \u00e0 exploiter une \u00e9cole priv\u00e9e par le <strong>SASEP (Service d\u2019autorisation et de surveillance de l\u2019enseignement priv\u00e9) du Canton de Gen\u00e8ve<\/strong> depuis le <strong>6 juin 2017<\/strong>.<\/p>\n\n\n\n<p>L\u2019\u00e9cole est membre de l\u2019<strong>Association Montessori (Suisse)<\/strong>, affili\u00e9e \u00e0 l\u2019<strong>AMI \u2013 Association Montessori Internationale<\/strong>, et respecte l\u2019ensemble des crit\u00e8res requis pour l\u2019usage du nom <em>Montessori<\/em> en Suisse romande.<\/p>\n\n\n\n<h4 class=\"wp-block-heading\"><strong><mark style=\"background-color:rgba(0, 0, 0, 0)\" class=\"has-inline-color has-luminous-vivid-orange-color\">Notre d\u00e9marche d\u2019admission<\/mark><\/strong><\/h4>\n\n\n\n<p>La proc\u00e9dure d\u2019admission a pour objectif de vous fournir des <strong>informations claires et compl\u00e8tes<\/strong> sur les programmes propos\u00e9s \u00e0 l\u2019\u00c9cole Bilingue Montessori 3 12 Gen\u00e8ve, afin de permettre \u00e0 votre famille de d\u00e9terminer si notre projet \u00e9ducatif constitue un environnement adapt\u00e9 \u00e0 l\u2019\u00e9panouissement de votre enfant.<\/p>\n\n\n\n<p><\/p>\n\n\n\n<p><\/p>\n\n\n\n<p><\/p>\n\n\n\n<h3 class=\"wp-block-heading\"><strong>Proc\u00e9dure d\u2019admission \u2013 Rentr\u00e9e 2026\u20132027<\/strong><\/h3>\n\n\n\n<h4 class=\"wp-block-heading\"><strong><mark style=\"background-color:rgba(0, 0, 0, 0)\" class=\"has-inline-color has-luminous-vivid-orange-color\">1. Prendre connaissance des conditions d\u2019admission<\/mark><\/strong><\/h4>\n\n\n\n<p>Nous vous invitons \u00e0 lire attentivement le document <strong>\u00ab Conditions d\u2019admission \u00bb<\/strong>, qui pr\u00e9cise les crit\u00e8res d\u2019admission en fonction de la date de naissance de votre enfant.<\/p>\n\n\n\n<h4 class=\"wp-block-heading\"><strong><mark style=\"background-color:rgba(0, 0, 0, 0)\" class=\"has-inline-color has-luminous-vivid-orange-color\">2. Consulter notre site Internet<\/mark><\/strong><\/h4>\n\n\n\n<p>Sur <strong><a href=\"http:\/\/www.montessori312.ch\/\">www.montessori312.ch<\/a><\/strong>, vous trouverez :<\/p>\n\n\n\n<ul class=\"wp-block-list\">\n<li>une pr\u00e9sentation d\u00e9taill\u00e9e de notre projet \u00e9ducatif,<\/li>\n\n\n\n<li>les programmes propos\u00e9s,<\/li>\n\n\n\n<li>les tarifs et conditions financi\u00e8res.<\/li>\n<\/ul>\n\n\n\n<p>Si certaines questions restent ouvertes, notre \u00e9quipe se tient \u00e0 votre disposition :<\/p>\n\n\n\n<ul class=\"wp-block-list\">\n<li>par courriel : <strong><a href=\"mailto:admission@montessori312.ch\">admission@montessori312.ch<\/a><\/strong><\/li>\n\n\n\n<li>par t\u00e9l\u00e9phone : <strong>+41 (0)22 74 03 312<\/strong><\/li>\n<\/ul>\n\n\n\n<h4 class=\"wp-block-heading\"><strong><mark style=\"background-color:rgba(0, 0, 0, 0)\" class=\"has-inline-color has-luminous-vivid-orange-color\">3. Remplir le formulaire de demande d\u2019admission en ligne<\/mark><\/strong><\/h4>\n\n\n\n<p>Si notre \u00e9cole correspond \u00e0 votre projet \u00e9ducatif, nous vous invitons \u00e0 compl\u00e9ter le <strong><a href=\"https:\/\/www.transparentclassroom.com\/s\/1215\/online_applications\/new?locale=en&amp;naked=true&quot; \/&gt;\">formulaire de demande d\u2019admission<\/a><\/strong> disponible en ligne.<\/p>\n\n\n\n<p>\ud83d\udc49 Cette \u00e9tape <strong>n\u2019engage aucun paiement<\/strong>.<br>Vous recevrez ensuite un courriel confirmant la r\u00e9ception de votre demande, accompagn\u00e9 d\u2019une <strong>proposition de rendez-vous pour une visite<\/strong>.<\/p>\n\n\n\n<h4 class=\"wp-block-heading\"><strong><mark style=\"background-color:rgba(0, 0, 0, 0)\" class=\"has-inline-color has-luminous-vivid-orange-color\">4. Rencontre de pr\u00e9-inscription et visite de l\u2019\u00e9cole<\/mark><\/strong><\/h4>\n\n\n\n<p>Nous organisons des <strong>visites personnalis\u00e9es<\/strong>, dont les objectifs sont :<\/p>\n\n\n\n<ul class=\"wp-block-list\">\n<li>de rencontrer la Directrice et\/ou l\u2019\u00e9quipe \u00e9ducative,<\/li>\n\n\n\n<li>de visiter les locaux,<\/li>\n\n\n\n<li>d\u2019\u00e9changer autour de votre projet de scolarisation,<\/li>\n\n\n\n<li>de pr\u00e9senter les principes de la p\u00e9dagogie Montessori et r\u00e9pondre \u00e0 vos questions.<\/li>\n<\/ul>\n\n\n\n<p>La pr\u00e9sence des deux parents est recommand\u00e9e lorsque cela est possible.<br>Ces rencontres, d\u2019une dur\u00e9e d\u2019environ <strong>une heure<\/strong>, sont r\u00e9serv\u00e9es aux adultes.<\/p>\n\n\n\n<p>L\u2019enfant sera accueilli ult\u00e9rieurement, apr\u00e8s l\u2019admission, selon un <strong>protocole d\u2019int\u00e9gration individualis\u00e9<\/strong>, respectueux de ses besoins.<\/p>\n\n\n\n<p>\u00c0 l\u2019issue de cette rencontre, et si vous confirmez votre int\u00e9r\u00eat, nous vous transmettrons :<\/p>\n\n\n\n<ul class=\"wp-block-list\">\n<li>les <strong>conditions g\u00e9n\u00e9rales et financi\u00e8res<\/strong>,<\/li>\n\n\n\n<li>le <strong>contrat d\u2019\u00e9colage<\/strong>,<\/li>\n\n\n\n<li>ainsi que les documents n\u00e9cessaires \u00e0 la poursuite de la proc\u00e9dure d\u2019inscription.<\/li>\n<\/ul>\n\n\n\n<h4 class=\"wp-block-heading\"><strong><mark style=\"background-color:rgba(0, 0, 0, 0)\" class=\"has-inline-color has-luminous-vivid-orange-color\">5. Observation d\u2019une classe<\/mark><\/strong><\/h4>\n\n\n\n<p>L\u2019observation d\u2019une classe en fonctionnement constitue un excellent moyen de <strong>mieux comprendre la p\u00e9dagogie Montessori<\/strong>.<\/p>\n\n\n\n<p>Lors de la visite personnalis\u00e9e, un court passage dans les ambiances peut \u00eatre propos\u00e9.<br>Une <strong>observation plus approfondie \u00ab in vivo \u00bb<\/strong>, en classe, peut ensuite \u00eatre planifi\u00e9e avec l\u2019administration.<\/p>\n\n\n\n<h4 class=\"wp-block-heading\"><strong><mark style=\"background-color:rgba(0, 0, 0, 0)\" class=\"has-inline-color has-luminous-vivid-orange-color\">6. Pr\u00e9-inscription<\/mark><\/strong><\/h4>\n\n\n\n<p>La pr\u00e9-inscription devient effective \u00e0 r\u00e9ception :<\/p>\n\n\n\n<ul class=\"wp-block-list\">\n<li>du <strong>contrat d\u2019\u00e9colage compl\u00e9t\u00e9<\/strong>,<\/li>\n\n\n\n<li>du <strong>dossier d\u2019inscription complet<\/strong>,<\/li>\n\n\n\n<li>et du paiement des <strong>frais d\u2019inscription de CHF 250.\u2013 (non remboursables)<\/strong>.<\/li>\n<\/ul>\n\n\n\n<p>\u00c0 ce stade, l\u2019enfant est inscrit sur la <strong>liste d\u2019attente active<\/strong>.<\/p>\n\n\n\n<p>L\u2019inscription d\u00e9finitive est confirm\u00e9e par courriel et valid\u00e9e par le <strong>paiement du premier acompte d\u2019\u00e9colage<\/strong>, qui garantit la r\u00e9servation de la place.<\/p>\n\n\n\n<h4 class=\"wp-block-heading\"><strong><mark style=\"background-color:rgba(0, 0, 0, 0)\" class=\"has-inline-color has-luminous-vivid-orange-color\">7. Visite de l\u2019\u00e9cole avec l\u2019enfant<\/mark><\/strong><\/h4>\n\n\n\n<p>Quelques jours avant la rentr\u00e9e, une <strong>visite personnalis\u00e9e de l\u2019\u00e9cole<\/strong> est organis\u00e9e pour l\u2019enfant inscrit.<br>Il s\u2019agit d\u2019un temps d\u2019accueil individuel permettant :<\/p>\n\n\n\n<ul class=\"wp-block-list\">\n<li>de d\u00e9couvrir les lieux,<\/li>\n\n\n\n<li>de rencontrer l\u2019\u00e9quipe \u00e9ducative et administrative,<\/li>\n\n\n\n<li>de pr\u00e9parer sereinement l\u2019entr\u00e9e \u00e0 l\u2019\u00e9cole.<\/li>\n<\/ul>\n\n\n\n<p>Les modalit\u00e9s pratiques vous seront communiqu\u00e9es en temps utile.<\/p>\n\n\n\n<p><strong><mark style=\"background-color:rgba(0, 0, 0, 0)\" class=\"has-inline-color has-luminous-vivid-orange-color\">Attribution des places<\/mark><\/strong><\/p>\n\n\n\n<p>L\u2019\u00e9l\u00e9ment central dans l\u2019acceptation d\u2019une demande d\u2019inscription est la <strong>coh\u00e9rence entre le projet \u00e9ducatif de la famille et la philosophie Montessori<\/strong>.<\/p>\n\n\n\n<p>Nous \u00e9tudions avec attention toutes les demandes re\u00e7ues. L\u2019attribution des places tient \u00e9galement compte de l\u2019\u00e9quilibre n\u00e9cessaire au bon fonctionnement de chaque classe (\u00e2ges, dynamique de groupe, mixit\u00e9).<\/p>\n\n\n\n<p><strong><mark style=\"background-color:rgba(0, 0, 0, 0)\" class=\"has-inline-color has-luminous-vivid-orange-color\">Crit\u00e8res pris en compte :<\/mark><\/strong><\/p>\n\n\n\n<ul class=\"wp-block-list\">\n<li>la disponibilit\u00e9 des places,<\/li>\n\n\n\n<li>l\u2019\u00e2ge de l\u2019enfant,<\/li>\n\n\n\n<li>son niveau de pr\u00e9paration pour le programme concern\u00e9,<\/li>\n\n\n\n<li>l\u2019engagement de la famille envers la p\u00e9dagogie Montessori et la culture de l\u2019\u00e9cole.<\/li>\n<\/ul>\n\n\n\n<p>La priorit\u00e9 est donn\u00e9e :<\/p>\n\n\n\n<ul class=\"wp-block-list\">\n<li>aux fr\u00e8res et s\u0153urs d\u2019\u00e9l\u00e8ves ou d\u2019anciens \u00e9l\u00e8ves,<\/li>\n\n\n\n<li>aux enfants provenant d\u2019autres \u00e9coles Montessori.<\/li>\n<\/ul>\n\n\n\n<p>L\u2019admission d\u2019enfants de plus de 5 ans n\u2019ayant jamais fr\u00e9quent\u00e9 une \u00e9cole Montessori fait l\u2019objet d\u2019une <strong>\u00e9tude approfondie du dossier<\/strong>, pouvant inclure une <strong>journ\u00e9e d\u2019immersion<\/strong>. Les familles concern\u00e9es seront contact\u00e9es directement.<\/p>\n\n\n\n<p><strong><mark style=\"background-color:rgba(0, 0, 0, 0)\" class=\"has-inline-color has-luminous-vivid-orange-color\">\u00c9cole inclusive<\/mark><\/strong><\/p>\n\n\n\n<p>L\u2019\u00c9cole Montessori 3\u201312 Gen\u00e8ve est une <strong>\u00e9cole inclusive<\/strong>.<br>L\u2019accueil d\u2019enfants pr\u00e9sentant des besoins sp\u00e9cifiques s\u2019effectue selon un <strong>protocole d\u00e9di\u00e9<\/strong>, dans une d\u00e9marche de collaboration \u00e9troite et transparente avec les familles.<\/p>\n\n\n\n<p>D\u00e9clarer les besoins particuliers de son enfant d\u00e8s l\u2019inscription permet de poser les bases d\u2019un <strong>partenariat \u00e9ducatif de qualit\u00e9<\/strong>.<br>Notre volont\u00e9 d\u2019inclusion s\u2019inscrit dans les valeurs Montessori, tout en tenant compte :<\/p>\n\n\n\n<ul class=\"wp-block-list\">\n<li>de nos capacit\u00e9s d\u2019accueil,<\/li>\n\n\n\n<li>de l\u2019accord d\u2019un \u00e9ducateur r\u00e9f\u00e9rent,<\/li>\n\n\n\n<li>et de l\u2019\u00e9quilibre du groupe-classe.<\/li>\n<\/ul>\n\n\n\n<hr class=\"wp-block-separator has-alpha-channel-opacity\"\/>\n\n\n\n<h3 class=\"wp-block-heading\"><span style=\"color: #339966;\"><strong>Admission Procedure :<\/strong><\/span><\/h3>\n\n\n\n<p><strong>Admissions \u2013 Start of the 2026\u20132027 school year<\/strong><\/p>\n\n\n\n<p><strong>Institutional framework<\/strong><\/p>\n\n\n\n<p>\u00c9cole Montessori 3 12 Gen\u00e8ve has been authorised to operate as a private school by the <strong>SASEP (Service d\u2019autorisation et de surveillance de l\u2019enseignement priv\u00e9) of the Canton of Geneva<\/strong> since <strong>6 June 2017<\/strong>.<\/p>\n\n\n\n<p>The school is a member of the <strong>Association Montessori (Suisse)<\/strong>, affiliated with the <strong>AMI \u2013 Association Montessori Internationale<\/strong>, and complies with all the criteria required for the use of the name <em>Montessori<\/em> in French-speaking Switzerland.<\/p>\n\n\n\n<p><strong>Our admission process<\/strong><\/p>\n\n\n\n<p>The purpose of the admission process is to provide you with <strong>clear and comprehensive information<\/strong> about the programs offered at \u00c9cole Montessori 3 12 Gen\u00e8ve, so that your family can determine whether our educational project provides an environment that is suitable for your child&rsquo;s development.<\/p>\n\n\n\n<p><strong>Admission process \u2013 Start of the 2026\u20132027 school year<\/strong><\/p>\n\n\n\n<p><strong>1. Read the admission requirements<\/strong><\/p>\n\n\n\n<p>Please read the document entitled \u2018Admission Requirements\u2019 carefully, as it specifies the admission criteria based on your child&rsquo;s date of birth.<\/p>\n\n\n\n<p><strong>2. Visit our website<\/strong><\/p>\n\n\n\n<p>At <a href=\"http:\/\/www.montessori312.ch\/\"><strong>www.montessori312.ch<\/strong><\/a>, you will find:<\/p>\n\n\n\n<ul class=\"wp-block-list\">\n<li>a detailed presentation of our educational programme,<\/li>\n\n\n\n<li>the programmes offered,<\/li>\n\n\n\n<li>fees and financial conditions.<\/li>\n<\/ul>\n\n\n\n<p>If you have any questions, our team is available to assist you:<\/p>\n\n\n\n<ul class=\"wp-block-list\">\n<li>by email: <a href=\"mailto:admission@montessori312.ch\"><strong>admission@montessori312.ch<\/strong><\/a><\/li>\n\n\n\n<li>by telephone: <strong>+41 (0)22 74 03 312<\/strong><\/li>\n<\/ul>\n\n\n\n<p><strong>3. Complete the online admission application form<\/strong><\/p>\n\n\n\n<p>If our school meets your educational needs, we invite you to complete the <strong><a href=\"https:\/\/www.transparentclassroom.com\/s\/1215\/online_applications\/new?locale=en&amp;naked=true&quot; \/&gt;\">admission application form<\/a><\/strong> available online.<\/p>\n\n\n\n<p>\ud83d\udc49 This step <strong>does not require any payment<\/strong>.<\/p>\n\n\n\n<p>You will then receive an email confirming receipt of your application, along with a <strong>proposal for an appointment for a visit<\/strong>.<\/p>\n\n\n\n<p><strong>4. Pre-enrolment meeting and school visit<\/strong><\/p>\n\n\n\n<p>We organise <strong>personalised visits<\/strong>, the objectives of which are:<\/p>\n\n\n\n<ul class=\"wp-block-list\">\n<li>to meet the Headmistress and\/or the teaching team,<\/li>\n\n\n\n<li>to visit the premises,<\/li>\n\n\n\n<li>to discuss your schooling plans,<\/li>\n\n\n\n<li>to present the principles of Montessori education and answer your questions.<\/li>\n<\/ul>\n\n\n\n<p>We recommend that both parents attend, where possible.<\/p>\n\n\n\n<p>These meetings, which last approximately <strong>one hour<\/strong>, are for adults only.<\/p>\n\n\n\n<p>The child will be welcomed at a later date, after admission, according to an <strong>individualised integration protocol<\/strong> that respects their needs.<\/p>\n\n\n\n<p>At the end of this meeting, if you confirm your interest, we will send you:<\/p>\n\n\n\n<ul class=\"wp-block-list\">\n<li>the <strong>general and financial terms and conditions<\/strong>,<\/li>\n\n\n\n<li>the <strong>school contract<\/strong>,<\/li>\n\n\n\n<li>and the documents required to complete the enrolment process.<\/li>\n<\/ul>\n\n\n\n<p><strong>5. Classroom observation<\/strong><\/p>\n\n\n\n<p>Observing a classroom in action is an excellent way to <strong>better understand Montessori pedagogy<\/strong>.<\/p>\n\n\n\n<p>During the personalized visit, a short tour of the classrooms may be offered.<\/p>\n\n\n\n<p>A <strong>more in-depth \u2018in vivo\u2019<\/strong> observation in the classroom can then be planned with the administration.<\/p>\n\n\n\n<p><strong>6. Pre-registration<\/strong><\/p>\n\n\n\n<p>Pre-registration becomes effective upon receipt of:<\/p>\n\n\n\n<ul class=\"wp-block-list\">\n<li>the <strong>completed school contract<\/strong>,<\/li>\n\n\n\n<li>the <strong>complete registration file<\/strong>,<\/li>\n\n\n\n<li>and payment of the <strong>registration fee of CHF 250 (non-refundable)<\/strong>.<\/li>\n<\/ul>\n\n\n\n<p>At this stage, the child is placed on the <strong>active waiting list<\/strong>.<\/p>\n\n\n\n<p>Final enrolment is confirmed by email and validated by <strong>payment of the first instalment of school fees<\/strong>, which guarantees the place.<\/p>\n\n\n\n<p><strong>7. School visit with the child<\/strong><\/p>\n\n\n\n<p>A few days before the start of the school year, a personalized visit to the school is organized for the enrolled child.<\/p>\n\n\n\n<p>This is an individual welcome session that allows the child to:<\/p>\n\n\n\n<ul class=\"wp-block-list\">\n<li>discover the premises,<\/li>\n\n\n\n<li>meet the teaching and administrative staff,<\/li>\n\n\n\n<li>and calmly prepare for starting school.<\/li>\n<\/ul>\n\n\n\n<p>Practical details will be communicated to you in due course.<\/p>\n\n\n\n<p><strong>Allocation of places<\/strong><\/p>\n\n\n\n<p>The key factor in accepting an enrolment application is the consistency between the family&rsquo;s educational project and the Montessori philosophy.<\/p>\n\n\n\n<p>We carefully consider all applications received. The allocation of places also takes into account the balance necessary for the smooth running of each class (ages, group dynamics, diversity).<\/p>\n\n\n\n<p><strong>Criteria taken into account:<\/strong><\/p>\n\n\n\n<ul class=\"wp-block-list\">\n<li>availability of places,<\/li>\n\n\n\n<li>the child&rsquo;s age,<\/li>\n\n\n\n<li>their level of preparation for the program concerned,<\/li>\n\n\n\n<li>the family&rsquo;s commitment to Montessori education and the school&rsquo;s culture.<\/li>\n<\/ul>\n\n\n\n<p>Priority is given to:<\/p>\n\n\n\n<ul class=\"wp-block-list\">\n<li>siblings of current or former pupils,<\/li>\n\n\n\n<li>children from other Montessori schools.<\/li>\n<\/ul>\n\n\n\n<p>The admission of children over the age of 5 who have never attended a Montessori school is subject to a thorough review of their file, which may include a day of immersion. The families concerned will be contacted directly.<\/p>\n\n\n\n<p><strong>Inclusive school<\/strong><\/p>\n\n\n\n<p>The \u00c9cole Montessori 3\u201312 Gen\u00e8ve is an <strong>inclusive school<\/strong>.<\/p>\n\n\n\n<p>Children with special needs are admitted according to a <strong>dedicated protocol<\/strong>, in close and transparent collaboration with their families.<\/p>\n\n\n\n<p>Declaring your child&rsquo;s special needs at the time of enrolment lays the foundation for a <strong>high-quality educational partnership<\/strong>.<\/p>\n\n\n\n<p>Our commitment to inclusion is in line with Montessori values, while taking into account:<\/p>\n\n\n\n<ul class=\"wp-block-list\">\n<li>our capacity,<\/li>\n\n\n\n<li>the agreement of a designated educator,<\/li>\n\n\n\n<li>and the balance of the class group.<\/li>\n<\/ul>","protected":false},"excerpt":{"rendered":"<p>English below Pour la rentr\u00e9e 2026-2027 Cadre institutionnel L\u2019\u00c9cole Montessori 3 12 Gen\u00e8ve est autoris\u00e9e \u00e0 exploiter une \u00e9cole priv\u00e9e par le SASEP (Service d\u2019autorisation et de surveillance de l\u2019enseignement priv\u00e9) du Canton de Gen\u00e8ve depuis le 6 juin 2017. L\u2019\u00e9cole est membre de l\u2019Association Montessori (Suisse), affili\u00e9e \u00e0 l\u2019AMI \u2013 Association Montessori Internationale, et&hellip; <br \/> <a class=\"read-more\" href=\"https:\/\/montessori312.com\/en\/procedure-dadmission\/\">Read more<\/a><\/p>","protected":false},"author":116785652,"featured_media":0,"parent":0,"menu_order":0,"comment_status":"closed","ping_status":"closed","template":"","meta":{"advanced_seo_description":"","jetpack_seo_html_title":"","jetpack_seo_noindex":false,"footnotes":""},"class_list":["post-92","page","type-page","status-publish","hentry"],"jetpack_likes_enabled":true,"jetpack_sharing_enabled":false,"jetpack_shortlink":"https:\/\/wp.me\/P8nFHg-1u","amp_enabled":true,"_links":{"self":[{"href":"https:\/\/montessori312.com\/en\/wp-json\/wp\/v2\/pages\/92","targetHints":{"allow":["GET"]}}],"collection":[{"href":"https:\/\/montessori312.com\/en\/wp-json\/wp\/v2\/pages"}],"about":[{"href":"https:\/\/montessori312.com\/en\/wp-json\/wp\/v2\/types\/page"}],"author":[{"embeddable":true,"href":"https:\/\/montessori312.com\/en\/wp-json\/wp\/v2\/users\/116785652"}],"replies":[{"embeddable":true,"href":"https:\/\/montessori312.com\/en\/wp-json\/wp\/v2\/comments?post=92"}],"version-history":[{"count":27,"href":"https:\/\/montessori312.com\/en\/wp-json\/wp\/v2\/pages\/92\/revisions"}],"predecessor-version":[{"id":3653,"href":"https:\/\/montessori312.com\/en\/wp-json\/wp\/v2\/pages\/92\/revisions\/3653"}],"wp:attachment":[{"href":"https:\/\/montessori312.com\/en\/wp-json\/wp\/v2\/media?parent=92"}],"curies":[{"name":"wp","href":"https:\/\/api.w.org\/{rel}","templated":true}]}}