{"id":94,"date":"2021-04-02T10:13:00","date_gmt":"2021-04-02T09:13:00","guid":{"rendered":"https:\/\/montessori312.com\/?page_id=94"},"modified":"2025-02-19T11:53:44","modified_gmt":"2025-02-19T10:53:44","slug":"tarifs-2021-2022","status":"publish","type":"page","link":"https:\/\/montessori312.com\/en\/tarifs-2021-2022\/","title":{"rendered":"Fees 2025-2026"},"content":{"rendered":"<h1 class=\"wp-block-heading\" id=\"tarifs-d-ecolage-et-de-parascolaire\"><span style=\"color: #339966;\"><strong><span style=\"color:#00a8a6\" class=\"has-inline-color\">Tarifs d&rsquo;\u00e9colage et de parascolaire <\/span><\/strong><\/span><\/h1>\n\n\n\n<h1 class=\"wp-block-heading\" id=\"annee-scolaire-2022-2023\">ann\u00e9e scolaire 2025-2026<\/h1>\n\n\n\n<p><em>(Se reporter aux conditions g\u00e9n\u00e9rales financi\u00e8res) &nbsp; &nbsp; &nbsp; &nbsp; &nbsp; &nbsp; &nbsp; &nbsp; &nbsp; &nbsp; &nbsp; &nbsp; &nbsp; &nbsp; &nbsp; &nbsp; &nbsp; &nbsp; &nbsp; &nbsp; &nbsp; &nbsp; &nbsp; &nbsp; &nbsp; &nbsp; &nbsp;&nbsp;<strong><span style=\"color: #0000ff;\"><span style=\"color:#f6831d\" class=\"has-inline-color\">english below<\/span><\/span><\/strong>&nbsp; &nbsp; &nbsp; &nbsp; &nbsp; &nbsp; &nbsp; &nbsp; &nbsp; &nbsp; &nbsp; &nbsp; &nbsp; &nbsp; &nbsp; &nbsp; &nbsp; &nbsp; &nbsp; &nbsp; &nbsp; &nbsp; &nbsp; &nbsp; &nbsp; &nbsp; &nbsp; &nbsp; &nbsp; &nbsp; &nbsp; &nbsp; &nbsp; &nbsp; &nbsp; &nbsp; &nbsp; &nbsp; &nbsp; &nbsp; &nbsp; &nbsp; &nbsp; &nbsp;&nbsp;<\/em><\/p>\n\n\n\n<h2 class=\"wp-block-heading\" id=\"ecolage\">FRAIS DE SCOLARITE ANNUEL:<\/h2>\n\n\n\n<figure class=\"wp-block-table is-style-stripes\"><table><thead><tr><th><\/th><th class=\"has-text-align-right\" data-align=\"right\">Classes 3-6 ans<\/th><th class=\"has-text-align-right\" data-align=\"right\">Classes 6-12 ans<\/th><\/tr><\/thead><tbody><tr><td>FORFAIT Ecolage annuel + repas\/collation\/go\u00fbter + fournitures<\/td><td class=\"has-text-align-right\" data-align=\"right\">21&rsquo;725 CHF<\/td><td class=\"has-text-align-right\" data-align=\"right\">22&rsquo;830 CHF<\/td><\/tr><\/tbody><\/table><\/figure>\n\n\n\n<div style=\"height:12px\" aria-hidden=\"true\" class=\"wp-block-spacer\"><\/div>\n\n\n\n<h2 class=\"wp-block-heading\" id=\"dates-de-paiement\"><span style=\"color: #339966;\"><strong><span style=\"color:#00a8a6\" class=\"has-inline-color\">DATES DE PAIEMENT<\/span><\/strong><\/span><\/h2>\n\n\n\n<figure class=\"wp-block-table is-style-stripes\"><table><thead><tr><th><\/th><th><\/th><th class=\"has-text-align-right\" data-align=\"right\">Classes 3-6 ans<\/th><th class=\"has-text-align-right\" data-align=\"right\">Classes 6-12 ans<\/th><\/tr><\/thead><tbody><tr><td><strong>Frais d\u2019inscription<\/strong> annuels<br>non-inclus dans l\u2019\u00e9colage<\/td><td>A la signature<br>du contrat d&rsquo;\u00e9colage<\/td><td class=\"has-text-align-right\" data-align=\"right\"><strong>&nbsp; &nbsp;250 CHF<\/strong><\/td><td class=\"has-text-align-right\" data-align=\"right\"><strong>&nbsp; &nbsp;250 CHF<\/strong><\/td><\/tr><tr><td>Une mensualit\u00e9<\/td><td>Pour r\u00e9server la place<\/td><td class=\"has-text-align-right\" data-align=\"right\">3 425 CHF<\/td><td class=\"has-text-align-right\" data-align=\"right\">3 630 CHF<\/td><\/tr><tr><td>Trimestre 1<\/td><td>Fin septembre<\/td><td class=\"has-text-align-right\" data-align=\"right\">6 100 CHF<\/td><td class=\"has-text-align-right\" data-align=\"right\">6 400 CHF<\/td><\/tr><tr><td>Trimestre 2<\/td><td>Fin d\u00e9cembre<\/td><td class=\"has-text-align-right\" data-align=\"right\">6 100 CHF<\/td><td class=\"has-text-align-right\" data-align=\"right\">6 400 CHF<\/td><\/tr><tr><td>Trimestre 3<\/td><td>Fin mars<\/td><td class=\"has-text-align-right\" data-align=\"right\">6 100 CHF<\/td><td class=\"has-text-align-right\" data-align=\"right\">6 400 CHF<\/td><\/tr><\/tbody><\/table><\/figure>\n\n\n\n<div style=\"height:20px\" aria-hidden=\"true\" class=\"wp-block-spacer\"><\/div>\n\n\n\n<h2 class=\"wp-block-heading\" id=\"parascolaire\"><span style=\"color: #339966;\"><strong><span style=\"color:#00a8a6\" class=\"has-inline-color\">PARASCOLAIRE<\/span><\/strong><\/span><\/h2>\n\n\n\n<p>Le co\u00fbt de participation au service de parascolaire est factur\u00e9 s\u00e9par\u00e9ment de l\u2019\u00e9colage par une facture mensuelle \u00e9tablie sur relev\u00e9, payable \u00e0 r\u00e9ception, selon les tarifs ci-dessous. Tout cr\u00e9neau horaire entam\u00e9 est d\u00fb. En cas d\u2019impay\u00e9, nous nous r\u00e9servons le droit de refuser l\u2019acc\u00e8s de votre enfant au service parascolaire.<\/p>\n\n\n\n<div class=\"wp-block-columns are-vertically-aligned-center is-layout-flex wp-container-core-columns-is-layout-9d6595d7 wp-block-columns-is-layout-flex\">\n<div class=\"wp-block-column is-vertically-aligned-center is-layout-flow wp-block-column-is-layout-flow\" style=\"flex-basis:100%\">\n<figure class=\"wp-block-table is-style-stripes\"><table><tbody><tr><td><strong>Avec frais d\u2019inscription (annuel)<\/strong><\/td><td class=\"has-text-align-center\" data-align=\"center\"><strong>111 CHF<\/strong><\/td><td><strong>Sans frais d\u2019inscription&nbsp;:<\/strong><\/td><td class=\"has-text-align-center\" data-align=\"center\"><strong>0 CHF<\/strong><\/td><\/tr><tr><td>De 1h \u00e0 2h30 par semaine<\/td><td class=\"has-text-align-center\" data-align=\"center\">16.60 CHF\/heure<\/td><td>Inscriptions occasionnelles<br>ou tardives<\/td><td class=\"has-text-align-center\" data-align=\"center\">35.00 CHF\/heure<\/td><\/tr><tr><td>De 3h \u00e0 7h30 par semaine<\/td><td class=\"has-text-align-center\" data-align=\"center\">14.10 CHF\/heure<\/td><td><\/td><td class=\"has-text-align-center\" data-align=\"center\">&nbsp;<\/td><\/tr><tr><td>De 8h \u00e0 9h30 par semaine<\/td><td class=\"has-text-align-center\" data-align=\"center\">12.60 CHF\/heure<\/td><td><\/td><td class=\"has-text-align-center\" data-align=\"center\"><\/td><\/tr><tr><td>De 10h \u00e0 13h par semaine<\/td><td class=\"has-text-align-center\" data-align=\"center\">11.10 CHF\/heure<\/td><td><\/td><td class=\"has-text-align-center\" data-align=\"center\"><\/td><\/tr><\/tbody><\/table><\/figure>\n\n\n\n<p><\/p>\n<\/div>\n<\/div>\n\n\n\n<h1 class=\"wp-block-heading\" id=\"tuition-and-fee-schedule-for-the-2022-2023-school-year\"><span style=\"color: #0000ff;\"><strong><mark style=\"background-color:rgba(0, 0, 0, 0);color:#f6831d\" class=\"has-inline-color\">Tuition and fee schedule for the 2025-2026 school year<\/mark><\/strong><\/span><\/h1>\n\n\n\n<p><em>Refer to the general financial conditions<\/em><\/p>\n\n\n\n<h2 class=\"wp-block-heading\" id=\"schooling\"><span style=\"color: #0000ff;\"><strong><span style=\"color:#f6831d\" class=\"has-inline-color\">SCHOOLING<\/span><\/strong><\/span><\/h2>\n\n\n\n<figure class=\"wp-block-table is-style-stripes\"><table><thead><tr><th><\/th><th class=\"has-text-align-right\" data-align=\"right\">Classes 3-6 years<\/th><th class=\"has-text-align-right\" data-align=\"right\">Classes 6-12 years<\/th><\/tr><\/thead><tbody><tr><td>Annual fee +meal + snack\/collation + supplies<\/td><td class=\"has-text-align-right\" data-align=\"right\">21&rsquo;725 CHF<\/td><td class=\"has-text-align-right\" data-align=\"right\">22&rsquo;830 CHF<\/td><\/tr><\/tbody><\/table><\/figure>\n\n\n\n<div style=\"height:12px\" aria-hidden=\"true\" class=\"wp-block-spacer\"><\/div>\n\n\n\n<h2 class=\"wp-block-heading\" id=\"dates-of-payment\"><span style=\"color: #0000ff;\"><strong><span style=\"color:#f6831d\" class=\"has-inline-color\">DATES OF PAYMENT<\/span><\/strong><\/span><\/h2>\n\n\n\n<figure class=\"wp-block-table is-style-stripes\"><table><thead><tr><th><\/th><th class=\"has-text-align-left\" data-align=\"left\"><\/th><th class=\"has-text-align-right\" data-align=\"right\">Classes 3-6 years<\/th><th class=\"has-text-align-right\" data-align=\"right\">Classes 6-12 years<\/th><\/tr><\/thead><tbody><tr><td><strong>Inscription Fee<\/strong> <br><span style=\"font-size: inherit; font-family: inherit;\">not included in school fees<\/span><\/td><td class=\"has-text-align-left\" data-align=\"left\">With the application form<\/td><td class=\"has-text-align-right\" data-align=\"right\"><strong>250 CHF<\/strong><\/td><td class=\"has-text-align-right\" data-align=\"right\"><strong>250 CHF<\/strong><\/td><\/tr><tr><td>1 monthly payment<\/td><td class=\"has-text-align-left\" data-align=\"left\">To reserve the place<\/td><td class=\"has-text-align-right\" data-align=\"right\">3 425 CHF<\/td><td class=\"has-text-align-right\" data-align=\"right\">3 630 CHF<\/td><\/tr><tr><td>1st Quarter<\/td><td class=\"has-text-align-left\" data-align=\"left\">End of September<\/td><td class=\"has-text-align-right\" data-align=\"right\">6&nbsp;100 CHF<\/td><td class=\"has-text-align-right\" data-align=\"right\">6&nbsp;400 CHF<\/td><\/tr><tr><td>2nd Quarter<\/td><td class=\"has-text-align-left\" data-align=\"left\">End of December<\/td><td class=\"has-text-align-right\" data-align=\"right\">6&nbsp;100 CHF<\/td><td class=\"has-text-align-right\" data-align=\"right\">6&nbsp;400 CHF<\/td><\/tr><tr><td>3rd Quarter<\/td><td class=\"has-text-align-left\" data-align=\"left\">End of March<\/td><td class=\"has-text-align-right\" data-align=\"right\">6&nbsp;100 CHF<\/td><td class=\"has-text-align-right\" data-align=\"right\">6&nbsp;400 CHF<\/td><\/tr><\/tbody><\/table><\/figure>\n\n\n\n<div style=\"height:12px\" aria-hidden=\"true\" class=\"wp-block-spacer\"><\/div>\n\n\n\n<h2 class=\"wp-block-heading\" id=\"extracurricular\"><span style=\"color: #0000ff;\"><strong><span style=\"color:#f6831d\" class=\"has-inline-color\">EXTRACURRICULAR<\/span><\/strong><\/span><\/h2>\n\n\n\n<p>The cost of participation in the extracurricular service is invoiced separately from the school fees by means of a monthly invoice drawn up on the basis of a statement, payable on receipt, according to the rates below. Any time slot started is due. In the event of non-payment, we reserve the right to refuse your child access to the after-school service.<\/p>\n\n\n\n<figure class=\"wp-block-table is-style-stripes\"><table><tbody><tr><td><strong>With registration fee (annual)<\/strong> :<\/td><td class=\"has-text-align-center\" data-align=\"center\"><strong>111 CHF<\/strong><\/td><td><strong>No registration fee :<\/strong><\/td><td class=\"has-text-align-center\" data-align=\"center\"><strong>0 CHF<\/strong><\/td><\/tr><tr><td>From 1h to 2h30 per week<\/td><td class=\"has-text-align-center\" data-align=\"center\">16.60 CHF\/hour<\/td><td>Occasional or late registrations<br>or late registrations<\/td><td class=\"has-text-align-center\" data-align=\"center\">35.00 CHF\/hour<\/td><\/tr><tr><td>From 3h to 7h30 per week<\/td><td class=\"has-text-align-center\" data-align=\"center\">14.10 CHF\/hour<\/td><td><\/td><td class=\"has-text-align-center\" data-align=\"center\">&nbsp;<\/td><\/tr><tr><td>From 8h to 9h30 per week<\/td><td class=\"has-text-align-center\" data-align=\"center\">12.60 CHF\/hour<\/td><td><\/td><td class=\"has-text-align-center\" data-align=\"center\"><\/td><\/tr><tr><td>From 10h to 13h per week<\/td><td class=\"has-text-align-center\" data-align=\"center\">11.10 CHF\/hour<\/td><td><\/td><td class=\"has-text-align-center\" data-align=\"center\"><\/td><\/tr><\/tbody><\/table><\/figure>\n\n\n\n<div class=\"wp-block-cover aligncenter\" style=\"min-height:329px;aspect-ratio:unset;\"><span aria-hidden=\"true\" class=\"wp-block-cover__background has-background-dim\"><\/span><img data-recalc-dims=\"1\" fetchpriority=\"high\" decoding=\"async\" width=\"1880\" height=\"1253\" data-attachment-id=\"1445\" data-permalink=\"https:\/\/montessori312.com\/en\/tarifs-2021-2022\/pexels-photo-6965384\/\" data-orig-file=\"https:\/\/i0.wp.com\/montessori312.com\/wp-content\/uploads\/2017\/03\/pexels-photo-6965384.jpeg?fit=1880%2C1253&amp;ssl=1\" data-orig-size=\"1880,1253\" data-comments-opened=\"1\" data-image-meta=\"{&quot;aperture&quot;:&quot;0&quot;,&quot;credit&quot;:&quot;&quot;,&quot;camera&quot;:&quot;&quot;,&quot;caption&quot;:&quot;Photo by Anastasia  Shuraeva on &lt;a href=\\&quot;https:\/\/www.pexels.com\/photo\/person-holding-silver-and-green-ring-6965384\/\\&quot; rel=\\&quot;nofollow\\&quot;&gt;Pexels.com&lt;\/a&gt;&quot;,&quot;created_timestamp&quot;:&quot;0&quot;,&quot;copyright&quot;:&quot;&quot;,&quot;focal_length&quot;:&quot;0&quot;,&quot;iso&quot;:&quot;0&quot;,&quot;shutter_speed&quot;:&quot;0&quot;,&quot;title&quot;:&quot;person holding silver and green ring&quot;,&quot;orientation&quot;:&quot;0&quot;}\" data-image-title=\"pexels-photo-6965384\" data-image-description=\"\" data-image-caption=\"&lt;p&gt;Photo by Anastasia  Shuraeva on &lt;a href=&quot;https:\/\/www.pexels.com\/photo\/person-holding-silver-and-green-ring-6965384\/&quot; rel=&quot;nofollow&quot;&gt;Pexels.com&lt;\/a&gt;&lt;\/p&gt;\" data-large-file=\"https:\/\/i0.wp.com\/montessori312.com\/wp-content\/uploads\/2017\/03\/pexels-photo-6965384.jpeg?fit=1024%2C682&amp;ssl=1\" class=\"wp-block-cover__image-background wp-image-1445\" alt=\"\" src=\"https:\/\/i0.wp.com\/montessori312.com\/wp-content\/uploads\/2017\/03\/pexels-photo-6965384.jpeg?resize=1880%2C1253&#038;ssl=1\" style=\"object-position:49% 18%\" data-object-fit=\"cover\" data-object-position=\"49% 18%\" srcset=\"https:\/\/i0.wp.com\/montessori312.com\/wp-content\/uploads\/2017\/03\/pexels-photo-6965384.jpeg?w=1880&amp;ssl=1 1880w, https:\/\/i0.wp.com\/montessori312.com\/wp-content\/uploads\/2017\/03\/pexels-photo-6965384.jpeg?resize=300%2C200&amp;ssl=1 300w, https:\/\/i0.wp.com\/montessori312.com\/wp-content\/uploads\/2017\/03\/pexels-photo-6965384.jpeg?resize=1024%2C682&amp;ssl=1 1024w, https:\/\/i0.wp.com\/montessori312.com\/wp-content\/uploads\/2017\/03\/pexels-photo-6965384.jpeg?resize=768%2C512&amp;ssl=1 768w, https:\/\/i0.wp.com\/montessori312.com\/wp-content\/uploads\/2017\/03\/pexels-photo-6965384.jpeg?resize=1536%2C1024&amp;ssl=1 1536w, https:\/\/i0.wp.com\/montessori312.com\/wp-content\/uploads\/2017\/03\/pexels-photo-6965384.jpeg?resize=16%2C12&amp;ssl=1 16w, https:\/\/i0.wp.com\/montessori312.com\/wp-content\/uploads\/2017\/03\/pexels-photo-6965384.jpeg?resize=1620%2C1080&amp;ssl=1 1620w\" sizes=\"(max-width: 1880px) 100vw, 1880px\" \/><div class=\"wp-block-cover__inner-container is-layout-flow wp-block-cover-is-layout-flow\">\n<p class=\"has-text-align-center has-large-font-size\"><\/p>\n<\/div><\/div>\n\n\n\n<p><\/p>","protected":false},"excerpt":{"rendered":"<p>Tarifs d&rsquo;\u00e9colage et de parascolaire ann\u00e9e scolaire 2025-2026 (Se reporter aux conditions g\u00e9n\u00e9rales financi\u00e8res) &nbsp; &nbsp; &nbsp; &nbsp; &nbsp; &nbsp; &nbsp; &nbsp; &nbsp; &nbsp; &nbsp; &nbsp; &nbsp; &nbsp; &nbsp; &nbsp; &nbsp; &nbsp; &nbsp; &nbsp; &nbsp; &nbsp; &nbsp; &nbsp; &nbsp; &nbsp; &nbsp;&nbsp;english below&nbsp; &nbsp; &nbsp; &nbsp; &nbsp; &nbsp; &nbsp; &nbsp; &nbsp; &nbsp; &nbsp; &nbsp; &nbsp; &nbsp;&hellip; <br \/> <a class=\"read-more\" href=\"https:\/\/montessori312.com\/en\/tarifs-2021-2022\/\">Read more<\/a><\/p>","protected":false},"author":116785652,"featured_media":0,"parent":0,"menu_order":0,"comment_status":"closed","ping_status":"closed","template":"","meta":{"advanced_seo_description":"Tarifs 2022 2023","jetpack_seo_html_title":"","jetpack_seo_noindex":false,"footnotes":""},"class_list":["post-94","page","type-page","status-publish","hentry"],"jetpack_likes_enabled":true,"jetpack_sharing_enabled":false,"jetpack_shortlink":"https:\/\/wp.me\/P8nFHg-1w","amp_enabled":true,"_links":{"self":[{"href":"https:\/\/montessori312.com\/en\/wp-json\/wp\/v2\/pages\/94","targetHints":{"allow":["GET"]}}],"collection":[{"href":"https:\/\/montessori312.com\/en\/wp-json\/wp\/v2\/pages"}],"about":[{"href":"https:\/\/montessori312.com\/en\/wp-json\/wp\/v2\/types\/page"}],"author":[{"embeddable":true,"href":"https:\/\/montessori312.com\/en\/wp-json\/wp\/v2\/users\/116785652"}],"replies":[{"embeddable":true,"href":"https:\/\/montessori312.com\/en\/wp-json\/wp\/v2\/comments?post=94"}],"version-history":[{"count":65,"href":"https:\/\/montessori312.com\/en\/wp-json\/wp\/v2\/pages\/94\/revisions"}],"predecessor-version":[{"id":2717,"href":"https:\/\/montessori312.com\/en\/wp-json\/wp\/v2\/pages\/94\/revisions\/2717"}],"wp:attachment":[{"href":"https:\/\/montessori312.com\/en\/wp-json\/wp\/v2\/media?parent=94"}],"curies":[{"name":"wp","href":"https:\/\/api.w.org\/{rel}","templated":true}]}}